{"id":1520,"date":"2022-02-10T12:26:05","date_gmt":"2022-02-10T08:26:05","guid":{"rendered":"https:\/\/www.apollo.mu\/notre-histoire\/"},"modified":"2022-02-28T13:46:36","modified_gmt":"2022-02-28T09:46:36","slug":"notre-histoire","status":"publish","type":"page","link":"https:\/\/www.apollo.mu\/fr\/notre-histoire\/","title":{"rendered":"Notre Histoire"},"content":{"rendered":"\t\t<div data-elementor-type=\"wp-page\" data-elementor-id=\"1520\" class=\"elementor elementor-1520 elementor-553\" data-elementor-post-type=\"page\">\n\t\t\t\t\t\t<section class=\"elementor-section elementor-top-section elementor-element elementor-element-1eb096b elementor-section-boxed elementor-section-height-default elementor-section-height-default\" data-id=\"1eb096b\" data-element_type=\"section\">\n\t\t\t\t\t\t<div class=\"elementor-container elementor-column-gap-default\">\n\t\t\t\t\t<div class=\"elementor-column elementor-col-100 elementor-top-column elementor-element elementor-element-568e148\" data-id=\"568e148\" data-element_type=\"column\">\n\t\t\t<div class=\"elementor-widget-wrap elementor-element-populated\">\n\t\t\t\t\t\t<div class=\"elementor-element elementor-element-38ca4bf elementor-widget elementor-widget-heading\" data-id=\"38ca4bf\" data-element_type=\"widget\" data-widget_type=\"heading.default\">\n\t\t\t\t<div class=\"elementor-widget-container\">\n\t\t\t<h2 class=\"elementor-heading-title elementor-size-default\">Notre Histoire<\/h2>\t\t<\/div>\n\t\t\t\t<\/div>\n\t\t\t\t<div class=\"elementor-element elementor-element-a797753 elementor-widget elementor-widget-spacer\" data-id=\"a797753\" data-element_type=\"widget\" data-widget_type=\"spacer.default\">\n\t\t\t\t<div class=\"elementor-widget-container\">\n\t\t\t\t\t<div class=\"elementor-spacer\">\n\t\t\t<div class=\"elementor-spacer-inner\"><\/div>\n\t\t<\/div>\n\t\t\t\t<\/div>\n\t\t\t\t<\/div>\n\t\t\t\t<div class=\"elementor-element elementor-element-621b916 elementor-widget elementor-widget-timeline-widget-addon\" data-id=\"621b916\" data-element_type=\"widget\" data-settings=\"{&quot;_animation&quot;:&quot;none&quot;}\" data-widget_type=\"timeline-widget-addon.default\">\n\t\t\t\t<div class=\"elementor-widget-container\">\n\t\t\t<!-- ========= Timeline Widget Addon For Elementor 1.6.0 ========= -->\r\n<div id=\"twae-wrapper-621b916\" class=\"twae-vertical twae-wrapper  twae-both-sided\">   \r\n    <div class=\"twae-start\"><\/div>    \r\n    <div id=\"twea-timeline-621b916\" class=\"twae-timeline\" ><!-- Start of Story Repeater Content --><div id=\"story-42df3b1\" class=\"twae-story twae-repeater-item twae-story-right twae-story-no-icon\"><!-- Story Label --><div class=\"twae-labels\"><div class=\"twae-label-big\">1980<\/div><\/div><!-- Story Icon --><div class=\"twae-icon\"><i aria-hidden=\"true\" class=\"far fa-clock\"><\/i><\/div><!-- Story Arrow --><div class=\"twae-arrow\"><\/div><!-- Start of Story Content --><div class=\"twae-content\"><!-- Story Title --><div class=\"twae-title\">8 mars<\/div><!-- Story Description --><div class=\"twae-description\"><p>Mise en place de notre premi\u00e8re ligne de production de nouilles instantan\u00e9es \u00e0 Maurice. Les saveurs poulet et crevette sont lanc\u00e9es sur le march\u00e9 en d\u00e9cembre.<\/p><\/div><\/div><\/div><!-- Start of Story Repeater Content --><div id=\"story-2a740d0\" class=\"twae-story twae-repeater-item twae-story-left twae-story-no-icon\"><!-- Story Label --><div class=\"twae-labels\"><div class=\"twae-label-big\">1981<\/div><\/div><!-- Story Icon --><div class=\"twae-icon\"><i aria-hidden=\"true\" class=\"far fa-clock\"><\/i><\/div><!-- Story Arrow --><div class=\"twae-arrow\"><\/div><!-- Start of Story Content --><div class=\"twae-content\"><!-- Story Title --><div class=\"twae-title\">10 janvier<\/div><!-- Story Description --><div class=\"twae-description\"><p>Lancement des saveurs curry et l\u00e9gumes.<\/p><\/div><\/div><\/div><!-- Start of Story Repeater Content --><div id=\"story-2318f96\" class=\"twae-story twae-repeater-item twae-story-right twae-story-no-icon\"><!-- Story Label --><div class=\"twae-labels\"><div class=\"twae-label-big\">1985<\/div><\/div><!-- Story Icon --><div class=\"twae-icon\"><i aria-hidden=\"true\" class=\"far fa-clock\"><\/i><\/div><!-- Story Arrow --><div class=\"twae-arrow\"><\/div><!-- Start of Story Content --><div class=\"twae-content\"><!-- Story Title --><div class=\"twae-title\">2 Janvier<\/div><!-- Story Description --><div class=\"twae-description\"><p>Acquisition d\u2019une ligne de production de nouilles s\u00e9ch\u00e9es afin de r\u00e9pondre aux besoins du march\u00e9 de nouilles frites.<\/p><\/div><\/div><\/div><!-- Start of Story Repeater Content --><div id=\"story-4111fe9\" class=\"twae-story twae-repeater-item twae-story-left twae-story-no-icon\"><!-- Story Label --><div class=\"twae-labels\"><div class=\"twae-label-big\">1986<\/div><\/div><!-- Story Icon --><div class=\"twae-icon\"><i aria-hidden=\"true\" class=\"far fa-clock\"><\/i><\/div><!-- Story Arrow --><div class=\"twae-arrow\"><\/div><!-- Start of Story Content --><div class=\"twae-content\"><!-- Story Title --><div class=\"twae-title\">8 F\u00e9vrier<\/div><!-- Story Description --><div class=\"twae-description\"><p>Lancement des p\u00e2tes courtes Panda et Primas \u00e0 Maurice, disponibles en sachets et en bo\u00eetes de 500 grammes respectivement.<\/p><\/div><\/div><\/div><!-- Start of Story Repeater Content --><div id=\"story-e706560\" class=\"twae-story twae-repeater-item twae-story-right twae-story-no-icon\"><!-- Story Label --><div class=\"twae-labels\"><div class=\"twae-label-big\">1987<\/div><\/div><!-- Story Icon --><div class=\"twae-icon\"><i aria-hidden=\"true\" class=\"far fa-clock\"><\/i><\/div><!-- Story Arrow --><div class=\"twae-arrow\"><\/div><!-- Start of Story Content --><div class=\"twae-content\"><!-- Story Title --><div class=\"twae-title\">8 Janvier<\/div><!-- Story Description --><div class=\"twae-description\"><p>Premi\u00e8re publicit\u00e9 t\u00e9l\u00e9vis\u00e9e diffus\u00e9e sur la MBC. Introduction de la saveur curry.<\/p><\/div><\/div><\/div><!-- Start of Story Repeater Content --><div id=\"story-3b0905a\" class=\"twae-story twae-repeater-item twae-story-left twae-story-no-icon\"><!-- Story Label --><div class=\"twae-labels\"><div class=\"twae-label-big\">1990<\/div><\/div><!-- Story Icon --><div class=\"twae-icon\"><i aria-hidden=\"true\" class=\"far fa-clock\"><\/i><\/div><!-- Story Arrow --><div class=\"twae-arrow\"><\/div><!-- Start of Story Content --><div class=\"twae-content\"><!-- Story Title --><div class=\"twae-title\">1er F\u00e9vrier<\/div><!-- Story Description --><div class=\"twae-description\"><p>Introduction de la saveur l\u00e9gumes.<\/p><\/div><\/div><\/div><!-- Start of Story Repeater Content --><div id=\"story-cf50084\" class=\"twae-story twae-repeater-item twae-story-right twae-story-no-icon\"><!-- Story Label --><div class=\"twae-labels\"><div class=\"twae-label-big\">2000<\/div><\/div><!-- Story Icon --><div class=\"twae-icon\"><i aria-hidden=\"true\" class=\"far fa-clock\"><\/i><\/div><!-- Story Arrow --><div class=\"twae-arrow\"><\/div><!-- Start of Story Content --><div class=\"twae-content\"><!-- Story Title --><div class=\"twae-title\">8 Janvier<\/div><!-- Story Description --><div class=\"twae-description\"><p><img fetchpriority=\"high\" decoding=\"async\" class=\"aligncenter wp-image-569 size-full\" src=\"https:\/\/www.apollo.mu\/wp-content\/uploads\/2021\/05\/Second-manufacturing.jpg\" alt=\"\" width=\"940\" height=\"600\" srcset=\"https:\/\/www.apollo.mu\/wp-content\/uploads\/2021\/05\/Second-manufacturing.jpg 940w, https:\/\/www.apollo.mu\/wp-content\/uploads\/2021\/05\/Second-manufacturing-300x191.jpg 300w, https:\/\/www.apollo.mu\/wp-content\/uploads\/2021\/05\/Second-manufacturing-768x490.jpg 768w\" sizes=\"(max-width: 940px) 100vw, 940px\" \/><\/p><p>Impl\u00e9mentation de la nouvelle usine de nouilles instantan\u00e9es dans la zone industrielle de La Tour Koenig.<\/p><\/div><\/div><\/div><!-- Start of Story Repeater Content --><div id=\"story-1d33d74\" class=\"twae-story twae-repeater-item twae-story-left twae-story-no-icon\"><!-- Story Label --><div class=\"twae-labels\"><div class=\"twae-label-big\">2002<\/div><\/div><!-- Story Icon --><div class=\"twae-icon\"><i aria-hidden=\"true\" class=\"far fa-clock\"><\/i><\/div><!-- Story Arrow --><div class=\"twae-arrow\"><\/div><!-- Start of Story Content --><div class=\"twae-content\"><!-- Story Title --><div class=\"twae-title\">1er F\u00e9vrier<\/div><!-- Story Description --><div class=\"twae-description\"><p>Nouveau design pour l\u2019emballage des produits Apollo.<\/p><\/div><\/div><\/div><!-- Start of Story Repeater Content --><div id=\"story-1249610\" class=\"twae-story twae-repeater-item twae-story-right twae-story-no-icon\"><!-- Story Label --><div class=\"twae-labels\"><div class=\"twae-label-big\">2005<\/div><\/div><!-- Story Icon --><div class=\"twae-icon\"><i aria-hidden=\"true\" class=\"far fa-clock\"><\/i><\/div><!-- Story Arrow --><div class=\"twae-arrow\"><\/div><!-- Start of Story Content --><div class=\"twae-content\"><!-- Story Title --><div class=\"twae-title\">1er Janvier<\/div><!-- Story Description --><div class=\"twae-description\"><p>Nouvelle ligne d\u2019extrusion pour la production de p\u00e2tes courtes install\u00e9e dans les locaux de La Tour Koenig.<\/p><\/div><\/div><\/div><!-- Start of Story Repeater Content --><div id=\"story-487836b\" class=\"twae-story twae-repeater-item twae-story-left twae-story-no-icon\"><!-- Story Label --><div class=\"twae-labels\"><div class=\"twae-label-big\">2006<\/div><\/div><!-- Story Icon --><div class=\"twae-icon\"><i aria-hidden=\"true\" class=\"far fa-clock\"><\/i><\/div><!-- Story Arrow --><div class=\"twae-arrow\"><\/div><!-- Start of Story Content --><div class=\"twae-content\"><!-- Story Title --><div class=\"twae-title\">1er f\u00e9vrier<\/div><!-- Story Description --><div class=\"twae-description\"><p>D\u00e9but des travaux de construction du nouveau siege social.<\/p><\/div><\/div><\/div><!-- Start of Story Repeater Content --><div id=\"story-f202e17\" class=\"twae-story twae-repeater-item twae-story-right twae-story-no-icon\"><!-- Story Label --><div class=\"twae-labels\"><div class=\"twae-label-big\">2007<\/div><\/div><!-- Story Icon --><div class=\"twae-icon\"><i aria-hidden=\"true\" class=\"far fa-clock\"><\/i><\/div><!-- Story Arrow --><div class=\"twae-arrow\"><\/div><!-- Start of Story Content --><div class=\"twae-content\"><!-- Story Title --><div class=\"twae-title\">8 Janvier<\/div><!-- Story Description --><div class=\"twae-description\"><p>Mise en place d\u2019une deuxi\u00e8me ligne de production de nouilles \u00e0 La Tour Koenig afin d\u2019augmenter la capacit\u00e9 de production.<\/p><\/div><\/div><\/div><!-- Start of Story Repeater Content --><div id=\"story-709ed2e\" class=\"twae-story twae-repeater-item twae-story-left twae-story-no-icon\"><!-- Story Label --><div class=\"twae-labels\"><div class=\"twae-label-big\">2008<\/div><\/div><!-- Story Icon --><div class=\"twae-icon\"><i aria-hidden=\"true\" class=\"far fa-clock\"><\/i><\/div><!-- Story Arrow --><div class=\"twae-arrow\"><\/div><!-- Start of Story Content --><div class=\"twae-content\"><!-- Story Title --><div class=\"twae-title\">1er F\u00e9vrier<\/div><!-- Story Description --><div class=\"twae-description\"><p>Mise en place d\u2019une nouvelle ligne de production \u00e0 double usage. Nouveau si\u00e8ge social op\u00e9rationnel.<\/p><\/div><\/div><\/div><!-- Start of Story Repeater Content --><div id=\"story-20c556b\" class=\"twae-story twae-repeater-item twae-story-right twae-story-no-icon\"><!-- Story Label --><div class=\"twae-labels\"><div class=\"twae-label-big\">2014<\/div><\/div><!-- Story Icon --><div class=\"twae-icon\"><i aria-hidden=\"true\" class=\"far fa-clock\"><\/i><\/div><!-- Story Arrow --><div class=\"twae-arrow\"><\/div><!-- Start of Story Content --><div class=\"twae-content\"><!-- Story Title --><div class=\"twae-title\">1er Janvier<\/div><!-- Story Description --><div class=\"twae-description\"><p><img decoding=\"async\" class=\"alignnone wp-image-571 size-full\" src=\"https:\/\/www.apollo.mu\/wp-content\/uploads\/2021\/05\/New-warehouse.jpg\" alt=\"\" width=\"940\" height=\"600\" srcset=\"https:\/\/www.apollo.mu\/wp-content\/uploads\/2021\/05\/New-warehouse.jpg 940w, https:\/\/www.apollo.mu\/wp-content\/uploads\/2021\/05\/New-warehouse-300x191.jpg 300w, https:\/\/www.apollo.mu\/wp-content\/uploads\/2021\/05\/New-warehouse-768x490.jpg 768w\" sizes=\"(max-width: 940px) 100vw, 940px\" \/><\/p><p>Nouvel entrep\u00f4t de 2000 m\u00b2 op\u00e9rationnel. Plus de capacit\u00e9 de stockage et une logistique plus efficiente.<\/p><\/div><\/div><\/div><!-- Start of Story Repeater Content --><div id=\"story-47bd812\" class=\"twae-story twae-repeater-item twae-story-left twae-story-no-icon\"><!-- Story Label --><div class=\"twae-labels\"><div class=\"twae-label-big\">2016<\/div><\/div><!-- Story Icon --><div class=\"twae-icon\"><i aria-hidden=\"true\" class=\"far fa-clock\"><\/i><\/div><!-- Story Arrow --><div class=\"twae-arrow\"><\/div><!-- Start of Story Content --><div class=\"twae-content\"><!-- Story Title --><div class=\"twae-title\">1er F\u00e9vrier<\/div><!-- Story Description --><div class=\"twae-description\"><p><img decoding=\"async\" class=\"aligncenter wp-image-623 size-medium\" src=\"https:\/\/www.apollo.mu\/wp-content\/uploads\/2021\/06\/Apollo-Dan-Bol-Chicken-300x300.jpg\" alt=\"\" width=\"300\" height=\"300\" srcset=\"https:\/\/www.apollo.mu\/wp-content\/uploads\/2021\/06\/Apollo-Dan-Bol-Chicken-300x300.jpg 300w, https:\/\/www.apollo.mu\/wp-content\/uploads\/2021\/06\/Apollo-Dan-Bol-Chicken-150x150.jpg 150w, https:\/\/www.apollo.mu\/wp-content\/uploads\/2021\/06\/Apollo-Dan-Bol-Chicken.jpg 500w\" sizes=\"(max-width: 300px) 100vw, 300px\" \/><br \/>Lancement des bols de nouilles <b>Apollo Dan Bol<\/b>.<\/p><\/div><\/div><\/div><!-- Start of Story Repeater Content --><div id=\"story-24b7f6a\" class=\"twae-story twae-repeater-item twae-story-right twae-story-no-icon\"><!-- Story Label --><div class=\"twae-labels\"><div class=\"twae-label-big\">2017<\/div><\/div><!-- Story Icon --><div class=\"twae-icon\"><i aria-hidden=\"true\" class=\"far fa-clock\"><\/i><\/div><!-- Story Arrow --><div class=\"twae-arrow\"><\/div><!-- Start of Story Content --><div class=\"twae-content\"><!-- Story Title --><div class=\"twae-title\">1er Janvier<\/div><!-- Story Description --><div class=\"twae-description\"><p>ligne de production CERTIFI\u00c9E HACCP certifi\u00e9e par SGS<\/p><\/div><\/div><\/div><\/div>\r\n    <div class=\"twae-end\"><\/div>\r\n    <\/div><style type=\"text\/css\">.elementor-1520 .elementor-element.elementor-element-621b916 .twae-wrapper.twae-vertical .twae-story{margin-bottom:60px!important}.elementor-1520 .elementor-element.elementor-element-621b916 .twae-wrapper{--tw-cbx-title-color:#000000;}.elementor-1520 .elementor-element.elementor-element-621b916 .twae-wrapper{--tw-lbl-big-color:#EE3B33;}.elementor-1520 .elementor-element.elementor-element-621b916 .twae-wrapper{--tw-ibx-bg:#EE3B33;}.elementor-1520 .elementor-element.elementor-element-621b916 .twae-wrapper{--tw-cbx-bg:#EFEFEF}@media (max-width: 1024px){ .twae-wrapper{--tw-ybx-size: 80px !important;}}@media (max-width: 767px){ .twae-wrapper{--tw-ybx-size: 80px !important}}<\/style>\t\t<\/div>\n\t\t\t\t<\/div>\n\t\t\t\t\t<\/div>\n\t\t<\/div>\n\t\t\t\t\t<\/div>\n\t\t<\/section>\n\t\t\t\t<\/div>\n\t\t","protected":false},"excerpt":{"rendered":"<p>Notre Histoire 1980 8 mars Mise en place de notre premi\u00e8re ligne de production de nouilles instantan\u00e9es \u00e0 Maurice. Les saveurs poulet et crevette sont lanc\u00e9es sur le march\u00e9 en d\u00e9cembre. 1981 10 janvier Lancement des saveurs curry et l\u00e9gumes. 1985 2 Janvier Acquisition d\u2019une ligne de production de nouilles s\u00e9ch\u00e9es afin de r\u00e9pondre aux [&hellip;]<\/p>\n","protected":false},"author":2,"featured_media":0,"parent":0,"menu_order":0,"comment_status":"closed","ping_status":"closed","template":"elementor_header_footer","meta":{"footnotes":""},"class_list":["post-1520","page","type-page","status-publish","hentry"],"yoast_head":"<!-- This site is optimized with the Yoast SEO plugin v20.10 - https:\/\/yoast.com\/wordpress\/plugins\/seo\/ -->\n<title>Notre Histoire - T&amp;T International Foods<\/title>\n<meta name=\"robots\" content=\"index, follow, max-snippet:-1, max-image-preview:large, max-video-preview:-1\" \/>\n<link rel=\"canonical\" href=\"https:\/\/www.apollo.mu\/fr\/notre-histoire\/\" \/>\n<meta property=\"og:locale\" content=\"fr_FR\" \/>\n<meta property=\"og:type\" content=\"article\" \/>\n<meta property=\"og:title\" content=\"Notre Histoire - T&amp;T International Foods\" \/>\n<meta property=\"og:description\" content=\"Notre Histoire 1980 8 mars Mise en place de notre premi\u00e8re ligne de production de nouilles instantan\u00e9es \u00e0 Maurice. Les saveurs poulet et crevette sont lanc\u00e9es sur le march\u00e9 en d\u00e9cembre. 1981 10 janvier Lancement des saveurs curry et l\u00e9gumes. 1985 2 Janvier Acquisition d\u2019une ligne de production de nouilles s\u00e9ch\u00e9es afin de r\u00e9pondre aux [&hellip;]\" \/>\n<meta property=\"og:url\" content=\"https:\/\/www.apollo.mu\/fr\/notre-histoire\/\" \/>\n<meta property=\"og:site_name\" content=\"T&amp;T International Foods\" \/>\n<meta property=\"article:publisher\" content=\"https:\/\/www.facebook.com\/ttintfoods\" \/>\n<meta property=\"article:modified_time\" content=\"2022-02-28T09:46:36+00:00\" \/>\n<meta property=\"og:image\" content=\"https:\/\/www.apollo.mu\/wp-content\/uploads\/2021\/05\/Second-manufacturing.jpg\" \/>\n<meta name=\"twitter:card\" content=\"summary_large_image\" \/>\n<meta name=\"twitter:label1\" content=\"Dur\u00e9e de lecture estim\u00e9e\" \/>\n\t<meta name=\"twitter:data1\" content=\"1 minute\" \/>\n<script type=\"application\/ld+json\" class=\"yoast-schema-graph\">{\"@context\":\"https:\/\/schema.org\",\"@graph\":[{\"@type\":\"WebPage\",\"@id\":\"https:\/\/www.apollo.mu\/fr\/notre-histoire\/\",\"url\":\"https:\/\/www.apollo.mu\/fr\/notre-histoire\/\",\"name\":\"Notre Histoire - T&amp;T International Foods\",\"isPartOf\":{\"@id\":\"https:\/\/www.apollo.mu\/#website\"},\"datePublished\":\"2022-02-10T08:26:05+00:00\",\"dateModified\":\"2022-02-28T09:46:36+00:00\",\"breadcrumb\":{\"@id\":\"https:\/\/www.apollo.mu\/fr\/notre-histoire\/#breadcrumb\"},\"inLanguage\":\"fr-FR\",\"potentialAction\":[{\"@type\":\"ReadAction\",\"target\":[\"https:\/\/www.apollo.mu\/fr\/notre-histoire\/\"]}]},{\"@type\":\"BreadcrumbList\",\"@id\":\"https:\/\/www.apollo.mu\/fr\/notre-histoire\/#breadcrumb\",\"itemListElement\":[{\"@type\":\"ListItem\",\"position\":1,\"name\":\"Home\",\"item\":\"https:\/\/www.apollo.mu\/fr\/accueil\/\"},{\"@type\":\"ListItem\",\"position\":2,\"name\":\"Notre Histoire\"}]},{\"@type\":\"WebSite\",\"@id\":\"https:\/\/www.apollo.mu\/#website\",\"url\":\"https:\/\/www.apollo.mu\/\",\"name\":\"T&amp;T International Foods\",\"description\":\"The home of Mine Apollo\",\"publisher\":{\"@id\":\"https:\/\/www.apollo.mu\/#organization\"},\"potentialAction\":[{\"@type\":\"SearchAction\",\"target\":{\"@type\":\"EntryPoint\",\"urlTemplate\":\"https:\/\/www.apollo.mu\/?s={search_term_string}\"},\"query-input\":\"required name=search_term_string\"}],\"inLanguage\":\"fr-FR\"},{\"@type\":\"Organization\",\"@id\":\"https:\/\/www.apollo.mu\/#organization\",\"name\":\"T&amp;T International Foods\",\"url\":\"https:\/\/www.apollo.mu\/\",\"logo\":{\"@type\":\"ImageObject\",\"inLanguage\":\"fr-FR\",\"@id\":\"https:\/\/www.apollo.mu\/#\/schema\/logo\/image\/\",\"url\":\"https:\/\/www.apollo.mu\/wp-content\/uploads\/2023\/07\/OG-image-2.jpg\",\"contentUrl\":\"https:\/\/www.apollo.mu\/wp-content\/uploads\/2023\/07\/OG-image-2.jpg\",\"width\":1200,\"height\":630,\"caption\":\"T&amp;T International Foods\"},\"image\":{\"@id\":\"https:\/\/www.apollo.mu\/#\/schema\/logo\/image\/\"},\"sameAs\":[\"https:\/\/www.facebook.com\/ttintfoods\",\"https:\/\/www.linkedin.com\/company\/t-t-international-foods-ltd\/\",\"https:\/\/www.instagram.com\/apollo_mine\/\"]}]}<\/script>\n<!-- \/ Yoast SEO plugin. -->","yoast_head_json":{"title":"Notre Histoire - T&amp;T International Foods","robots":{"index":"index","follow":"follow","max-snippet":"max-snippet:-1","max-image-preview":"max-image-preview:large","max-video-preview":"max-video-preview:-1"},"canonical":"https:\/\/www.apollo.mu\/fr\/notre-histoire\/","og_locale":"fr_FR","og_type":"article","og_title":"Notre Histoire - T&amp;T International Foods","og_description":"Notre Histoire 1980 8 mars Mise en place de notre premi\u00e8re ligne de production de nouilles instantan\u00e9es \u00e0 Maurice. Les saveurs poulet et crevette sont lanc\u00e9es sur le march\u00e9 en d\u00e9cembre. 1981 10 janvier Lancement des saveurs curry et l\u00e9gumes. 1985 2 Janvier Acquisition d\u2019une ligne de production de nouilles s\u00e9ch\u00e9es afin de r\u00e9pondre aux [&hellip;]","og_url":"https:\/\/www.apollo.mu\/fr\/notre-histoire\/","og_site_name":"T&amp;T International Foods","article_publisher":"https:\/\/www.facebook.com\/ttintfoods","article_modified_time":"2022-02-28T09:46:36+00:00","og_image":[{"url":"https:\/\/www.apollo.mu\/wp-content\/uploads\/2021\/05\/Second-manufacturing.jpg"}],"twitter_card":"summary_large_image","twitter_misc":{"Dur\u00e9e de lecture estim\u00e9e":"1 minute"},"schema":{"@context":"https:\/\/schema.org","@graph":[{"@type":"WebPage","@id":"https:\/\/www.apollo.mu\/fr\/notre-histoire\/","url":"https:\/\/www.apollo.mu\/fr\/notre-histoire\/","name":"Notre Histoire - T&amp;T International Foods","isPartOf":{"@id":"https:\/\/www.apollo.mu\/#website"},"datePublished":"2022-02-10T08:26:05+00:00","dateModified":"2022-02-28T09:46:36+00:00","breadcrumb":{"@id":"https:\/\/www.apollo.mu\/fr\/notre-histoire\/#breadcrumb"},"inLanguage":"fr-FR","potentialAction":[{"@type":"ReadAction","target":["https:\/\/www.apollo.mu\/fr\/notre-histoire\/"]}]},{"@type":"BreadcrumbList","@id":"https:\/\/www.apollo.mu\/fr\/notre-histoire\/#breadcrumb","itemListElement":[{"@type":"ListItem","position":1,"name":"Home","item":"https:\/\/www.apollo.mu\/fr\/accueil\/"},{"@type":"ListItem","position":2,"name":"Notre Histoire"}]},{"@type":"WebSite","@id":"https:\/\/www.apollo.mu\/#website","url":"https:\/\/www.apollo.mu\/","name":"T&amp;T International Foods","description":"The home of Mine Apollo","publisher":{"@id":"https:\/\/www.apollo.mu\/#organization"},"potentialAction":[{"@type":"SearchAction","target":{"@type":"EntryPoint","urlTemplate":"https:\/\/www.apollo.mu\/?s={search_term_string}"},"query-input":"required name=search_term_string"}],"inLanguage":"fr-FR"},{"@type":"Organization","@id":"https:\/\/www.apollo.mu\/#organization","name":"T&amp;T International Foods","url":"https:\/\/www.apollo.mu\/","logo":{"@type":"ImageObject","inLanguage":"fr-FR","@id":"https:\/\/www.apollo.mu\/#\/schema\/logo\/image\/","url":"https:\/\/www.apollo.mu\/wp-content\/uploads\/2023\/07\/OG-image-2.jpg","contentUrl":"https:\/\/www.apollo.mu\/wp-content\/uploads\/2023\/07\/OG-image-2.jpg","width":1200,"height":630,"caption":"T&amp;T International Foods"},"image":{"@id":"https:\/\/www.apollo.mu\/#\/schema\/logo\/image\/"},"sameAs":["https:\/\/www.facebook.com\/ttintfoods","https:\/\/www.linkedin.com\/company\/t-t-international-foods-ltd\/","https:\/\/www.instagram.com\/apollo_mine\/"]}]}},"_links":{"self":[{"href":"https:\/\/www.apollo.mu\/fr\/wp-json\/wp\/v2\/pages\/1520"}],"collection":[{"href":"https:\/\/www.apollo.mu\/fr\/wp-json\/wp\/v2\/pages"}],"about":[{"href":"https:\/\/www.apollo.mu\/fr\/wp-json\/wp\/v2\/types\/page"}],"author":[{"embeddable":true,"href":"https:\/\/www.apollo.mu\/fr\/wp-json\/wp\/v2\/users\/2"}],"replies":[{"embeddable":true,"href":"https:\/\/www.apollo.mu\/fr\/wp-json\/wp\/v2\/comments?post=1520"}],"version-history":[{"count":10,"href":"https:\/\/www.apollo.mu\/fr\/wp-json\/wp\/v2\/pages\/1520\/revisions"}],"predecessor-version":[{"id":1767,"href":"https:\/\/www.apollo.mu\/fr\/wp-json\/wp\/v2\/pages\/1520\/revisions\/1767"}],"wp:attachment":[{"href":"https:\/\/www.apollo.mu\/fr\/wp-json\/wp\/v2\/media?parent=1520"}],"curies":[{"name":"wp","href":"https:\/\/api.w.org\/{rel}","templated":true}]}}