{"id":1531,"date":"2022-02-10T13:14:18","date_gmt":"2022-02-10T09:14:18","guid":{"rendered":"https:\/\/www.apollo.mu\/produits-apollo\/apollo-classique\/curry\/"},"modified":"2022-02-28T13:56:11","modified_gmt":"2022-02-28T09:56:11","slug":"curry","status":"publish","type":"page","link":"https:\/\/www.apollo.mu\/fr\/produits-apollo\/apollo-classique\/curry\/","title":{"rendered":"Curry"},"content":{"rendered":"\t\t<div data-elementor-type=\"wp-page\" data-elementor-id=\"1531\" class=\"elementor elementor-1531 elementor-461\" data-elementor-post-type=\"page\">\n\t\t\t\t\t\t<section class=\"elementor-section elementor-top-section elementor-element elementor-element-169ea63f elementor-section-full_width elementor-section-height-min-height elementor-section-height-default elementor-section-items-middle\" data-id=\"169ea63f\" data-element_type=\"section\" data-settings=\"{&quot;background_background&quot;:&quot;classic&quot;}\">\n\t\t\t\t\t\t<div class=\"elementor-container elementor-column-gap-default\">\n\t\t\t\t\t<div class=\"elementor-column elementor-col-100 elementor-top-column elementor-element elementor-element-4f1f21d\" data-id=\"4f1f21d\" data-element_type=\"column\">\n\t\t\t<div class=\"elementor-widget-wrap elementor-element-populated\">\n\t\t\t\t\t\t<section class=\"elementor-section elementor-inner-section elementor-element elementor-element-c1480a5 elementor-section-boxed elementor-section-height-default elementor-section-height-default\" data-id=\"c1480a5\" data-element_type=\"section\">\n\t\t\t\t\t\t<div class=\"elementor-container elementor-column-gap-default\">\n\t\t\t\t\t<div class=\"elementor-column elementor-col-50 elementor-inner-column elementor-element elementor-element-629a6f9\" data-id=\"629a6f9\" data-element_type=\"column\">\n\t\t\t<div class=\"elementor-widget-wrap elementor-element-populated\">\n\t\t\t\t\t\t<div class=\"elementor-element elementor-element-7907e6e elementor-widget elementor-widget-image\" data-id=\"7907e6e\" data-element_type=\"widget\" data-widget_type=\"image.default\">\n\t\t\t\t<div class=\"elementor-widget-container\">\n\t\t\t\t\t\t\t\t\t\t\t\t\t<img fetchpriority=\"high\" decoding=\"async\" width=\"800\" height=\"607\" src=\"https:\/\/www.apollo.mu\/wp-content\/uploads\/2021\/06\/Apollo-curry-1.jpg\" class=\"attachment-full size-full wp-image-633\" alt=\"\" srcset=\"https:\/\/www.apollo.mu\/wp-content\/uploads\/2021\/06\/Apollo-curry-1.jpg 800w, https:\/\/www.apollo.mu\/wp-content\/uploads\/2021\/06\/Apollo-curry-1-300x228.jpg 300w, https:\/\/www.apollo.mu\/wp-content\/uploads\/2021\/06\/Apollo-curry-1-768x583.jpg 768w\" sizes=\"(max-width: 800px) 100vw, 800px\" \/>\t\t\t\t\t\t\t\t\t\t\t\t\t<\/div>\n\t\t\t\t<\/div>\n\t\t\t\t\t<\/div>\n\t\t<\/div>\n\t\t\t\t<div class=\"elementor-column elementor-col-50 elementor-inner-column elementor-element elementor-element-19d10c12\" data-id=\"19d10c12\" data-element_type=\"column\">\n\t\t\t<div class=\"elementor-widget-wrap elementor-element-populated\">\n\t\t\t\t\t\t<div class=\"elementor-element elementor-element-39d5ff4 elementor-widget elementor-widget-heading\" data-id=\"39d5ff4\" data-element_type=\"widget\" data-widget_type=\"heading.default\">\n\t\t\t\t<div class=\"elementor-widget-container\">\n\t\t\t<h2 class=\"elementor-heading-title elementor-size-default\">APOLLO CURRY<\/h2>\t\t<\/div>\n\t\t\t\t<\/div>\n\t\t\t\t<div class=\"elementor-element elementor-element-7304eaac elementor-widget elementor-widget-spacer\" data-id=\"7304eaac\" data-element_type=\"widget\" data-widget_type=\"spacer.default\">\n\t\t\t\t<div class=\"elementor-widget-container\">\n\t\t\t\t\t<div class=\"elementor-spacer\">\n\t\t\t<div class=\"elementor-spacer-inner\"><\/div>\n\t\t<\/div>\n\t\t\t\t<\/div>\n\t\t\t\t<\/div>\n\t\t\t\t<div class=\"elementor-element elementor-element-8e2ef63 elementor-widget elementor-widget-text-editor\" data-id=\"8e2ef63\" data-element_type=\"widget\" data-widget_type=\"text-editor.default\">\n\t\t\t\t<div class=\"elementor-widget-container\">\n\t\t\t\t\t\t\t<p>Cet ar\u00f4me unique et la saveur, \u00e0 partir d\u2019un m\u00e9lange sp\u00e9cial d\u2019\u00e9pices indiennes et une touche d\u2019ingr\u00e9dients de la cuisine aux multiples facettes de l\u2019\u00eele Maurice, \u00e9voque le c\u00f4t\u00e9 ensoleill\u00e9 de l\u2019\u00eele et la chaleur des cultures locales.<\/p>\n\t\t\t\t\t\t<\/div>\n\t\t\t\t<\/div>\n\t\t\t\t\t<\/div>\n\t\t<\/div>\n\t\t\t\t\t<\/div>\n\t\t<\/section>\n\t\t\t\t<div class=\"elementor-element elementor-element-77753fd1 elementor-widget elementor-widget-spacer\" data-id=\"77753fd1\" data-element_type=\"widget\" data-widget_type=\"spacer.default\">\n\t\t\t\t<div class=\"elementor-widget-container\">\n\t\t\t\t\t<div class=\"elementor-spacer\">\n\t\t\t<div class=\"elementor-spacer-inner\"><\/div>\n\t\t<\/div>\n\t\t\t\t<\/div>\n\t\t\t\t<\/div>\n\t\t\t\t\t<\/div>\n\t\t<\/div>\n\t\t\t\t\t<\/div>\n\t\t<\/section>\n\t\t\t\t<\/div>\n\t\t","protected":false},"excerpt":{"rendered":"<p>APOLLO CURRY Cet ar\u00f4me unique et la saveur, \u00e0 partir d\u2019un m\u00e9lange sp\u00e9cial d\u2019\u00e9pices indiennes et une touche d\u2019ingr\u00e9dients de la cuisine aux multiples facettes de l\u2019\u00eele Maurice, \u00e9voque le c\u00f4t\u00e9 ensoleill\u00e9 de l\u2019\u00eele et la chaleur des cultures locales.<\/p>\n","protected":false},"author":2,"featured_media":0,"parent":1525,"menu_order":0,"comment_status":"closed","ping_status":"closed","template":"elementor_header_footer","meta":{"footnotes":""},"class_list":["post-1531","page","type-page","status-publish","hentry"],"yoast_head":"<!-- This site is optimized with the Yoast SEO plugin v20.10 - https:\/\/yoast.com\/wordpress\/plugins\/seo\/ -->\n<title>Curry - T&amp;T International Foods<\/title>\n<meta name=\"robots\" content=\"index, follow, max-snippet:-1, max-image-preview:large, max-video-preview:-1\" \/>\n<link rel=\"canonical\" href=\"https:\/\/www.apollo.mu\/fr\/produits-apollo\/apollo-classique\/curry\/\" \/>\n<meta property=\"og:locale\" content=\"fr_FR\" \/>\n<meta property=\"og:type\" content=\"article\" \/>\n<meta property=\"og:title\" content=\"Curry - T&amp;T International Foods\" \/>\n<meta property=\"og:description\" content=\"APOLLO CURRY Cet ar\u00f4me unique et la saveur, \u00e0 partir d\u2019un m\u00e9lange sp\u00e9cial d\u2019\u00e9pices indiennes et une touche d\u2019ingr\u00e9dients de la cuisine aux multiples facettes de l\u2019\u00eele Maurice, \u00e9voque le c\u00f4t\u00e9 ensoleill\u00e9 de l\u2019\u00eele et la chaleur des cultures locales.\" \/>\n<meta property=\"og:url\" content=\"https:\/\/www.apollo.mu\/fr\/produits-apollo\/apollo-classique\/curry\/\" \/>\n<meta property=\"og:site_name\" content=\"T&amp;T International Foods\" \/>\n<meta property=\"article:publisher\" content=\"https:\/\/www.facebook.com\/ttintfoods\" \/>\n<meta property=\"article:modified_time\" content=\"2022-02-28T09:56:11+00:00\" \/>\n<meta property=\"og:image\" content=\"https:\/\/www.apollo.mu\/wp-content\/uploads\/2021\/06\/Apollo-curry-1.jpg\" \/>\n<meta name=\"twitter:card\" content=\"summary_large_image\" \/>\n<script type=\"application\/ld+json\" class=\"yoast-schema-graph\">{\"@context\":\"https:\/\/schema.org\",\"@graph\":[{\"@type\":\"WebPage\",\"@id\":\"https:\/\/www.apollo.mu\/fr\/produits-apollo\/apollo-classique\/curry\/\",\"url\":\"https:\/\/www.apollo.mu\/fr\/produits-apollo\/apollo-classique\/curry\/\",\"name\":\"Curry - T&amp;T International Foods\",\"isPartOf\":{\"@id\":\"https:\/\/www.apollo.mu\/#website\"},\"datePublished\":\"2022-02-10T09:14:18+00:00\",\"dateModified\":\"2022-02-28T09:56:11+00:00\",\"breadcrumb\":{\"@id\":\"https:\/\/www.apollo.mu\/fr\/produits-apollo\/apollo-classique\/curry\/#breadcrumb\"},\"inLanguage\":\"fr-FR\",\"potentialAction\":[{\"@type\":\"ReadAction\",\"target\":[\"https:\/\/www.apollo.mu\/fr\/produits-apollo\/apollo-classique\/curry\/\"]}]},{\"@type\":\"BreadcrumbList\",\"@id\":\"https:\/\/www.apollo.mu\/fr\/produits-apollo\/apollo-classique\/curry\/#breadcrumb\",\"itemListElement\":[{\"@type\":\"ListItem\",\"position\":1,\"name\":\"Home\",\"item\":\"https:\/\/www.apollo.mu\/fr\/accueil\/\"},{\"@type\":\"ListItem\",\"position\":2,\"name\":\"Produits Apollo\",\"item\":\"https:\/\/www.apollo.mu\/fr\/produits-apollo\/\"},{\"@type\":\"ListItem\",\"position\":3,\"name\":\"Apollo (Classique)\",\"item\":\"https:\/\/www.apollo.mu\/fr\/produits-apollo\/apollo-classique\/\"},{\"@type\":\"ListItem\",\"position\":4,\"name\":\"Curry\"}]},{\"@type\":\"WebSite\",\"@id\":\"https:\/\/www.apollo.mu\/#website\",\"url\":\"https:\/\/www.apollo.mu\/\",\"name\":\"T&amp;T International Foods\",\"description\":\"The home of Mine Apollo\",\"publisher\":{\"@id\":\"https:\/\/www.apollo.mu\/#organization\"},\"potentialAction\":[{\"@type\":\"SearchAction\",\"target\":{\"@type\":\"EntryPoint\",\"urlTemplate\":\"https:\/\/www.apollo.mu\/?s={search_term_string}\"},\"query-input\":\"required name=search_term_string\"}],\"inLanguage\":\"fr-FR\"},{\"@type\":\"Organization\",\"@id\":\"https:\/\/www.apollo.mu\/#organization\",\"name\":\"T&amp;T International Foods\",\"url\":\"https:\/\/www.apollo.mu\/\",\"logo\":{\"@type\":\"ImageObject\",\"inLanguage\":\"fr-FR\",\"@id\":\"https:\/\/www.apollo.mu\/#\/schema\/logo\/image\/\",\"url\":\"https:\/\/www.apollo.mu\/wp-content\/uploads\/2023\/07\/OG-image-2.jpg\",\"contentUrl\":\"https:\/\/www.apollo.mu\/wp-content\/uploads\/2023\/07\/OG-image-2.jpg\",\"width\":1200,\"height\":630,\"caption\":\"T&amp;T International Foods\"},\"image\":{\"@id\":\"https:\/\/www.apollo.mu\/#\/schema\/logo\/image\/\"},\"sameAs\":[\"https:\/\/www.facebook.com\/ttintfoods\",\"https:\/\/www.linkedin.com\/company\/t-t-international-foods-ltd\/\",\"https:\/\/www.instagram.com\/apollo_mine\/\"]}]}<\/script>\n<!-- \/ Yoast SEO plugin. -->","yoast_head_json":{"title":"Curry - T&amp;T International Foods","robots":{"index":"index","follow":"follow","max-snippet":"max-snippet:-1","max-image-preview":"max-image-preview:large","max-video-preview":"max-video-preview:-1"},"canonical":"https:\/\/www.apollo.mu\/fr\/produits-apollo\/apollo-classique\/curry\/","og_locale":"fr_FR","og_type":"article","og_title":"Curry - T&amp;T International Foods","og_description":"APOLLO CURRY Cet ar\u00f4me unique et la saveur, \u00e0 partir d\u2019un m\u00e9lange sp\u00e9cial d\u2019\u00e9pices indiennes et une touche d\u2019ingr\u00e9dients de la cuisine aux multiples facettes de l\u2019\u00eele Maurice, \u00e9voque le c\u00f4t\u00e9 ensoleill\u00e9 de l\u2019\u00eele et la chaleur des cultures locales.","og_url":"https:\/\/www.apollo.mu\/fr\/produits-apollo\/apollo-classique\/curry\/","og_site_name":"T&amp;T International Foods","article_publisher":"https:\/\/www.facebook.com\/ttintfoods","article_modified_time":"2022-02-28T09:56:11+00:00","og_image":[{"url":"https:\/\/www.apollo.mu\/wp-content\/uploads\/2021\/06\/Apollo-curry-1.jpg"}],"twitter_card":"summary_large_image","schema":{"@context":"https:\/\/schema.org","@graph":[{"@type":"WebPage","@id":"https:\/\/www.apollo.mu\/fr\/produits-apollo\/apollo-classique\/curry\/","url":"https:\/\/www.apollo.mu\/fr\/produits-apollo\/apollo-classique\/curry\/","name":"Curry - T&amp;T International Foods","isPartOf":{"@id":"https:\/\/www.apollo.mu\/#website"},"datePublished":"2022-02-10T09:14:18+00:00","dateModified":"2022-02-28T09:56:11+00:00","breadcrumb":{"@id":"https:\/\/www.apollo.mu\/fr\/produits-apollo\/apollo-classique\/curry\/#breadcrumb"},"inLanguage":"fr-FR","potentialAction":[{"@type":"ReadAction","target":["https:\/\/www.apollo.mu\/fr\/produits-apollo\/apollo-classique\/curry\/"]}]},{"@type":"BreadcrumbList","@id":"https:\/\/www.apollo.mu\/fr\/produits-apollo\/apollo-classique\/curry\/#breadcrumb","itemListElement":[{"@type":"ListItem","position":1,"name":"Home","item":"https:\/\/www.apollo.mu\/fr\/accueil\/"},{"@type":"ListItem","position":2,"name":"Produits Apollo","item":"https:\/\/www.apollo.mu\/fr\/produits-apollo\/"},{"@type":"ListItem","position":3,"name":"Apollo (Classique)","item":"https:\/\/www.apollo.mu\/fr\/produits-apollo\/apollo-classique\/"},{"@type":"ListItem","position":4,"name":"Curry"}]},{"@type":"WebSite","@id":"https:\/\/www.apollo.mu\/#website","url":"https:\/\/www.apollo.mu\/","name":"T&amp;T International Foods","description":"The home of Mine Apollo","publisher":{"@id":"https:\/\/www.apollo.mu\/#organization"},"potentialAction":[{"@type":"SearchAction","target":{"@type":"EntryPoint","urlTemplate":"https:\/\/www.apollo.mu\/?s={search_term_string}"},"query-input":"required name=search_term_string"}],"inLanguage":"fr-FR"},{"@type":"Organization","@id":"https:\/\/www.apollo.mu\/#organization","name":"T&amp;T International Foods","url":"https:\/\/www.apollo.mu\/","logo":{"@type":"ImageObject","inLanguage":"fr-FR","@id":"https:\/\/www.apollo.mu\/#\/schema\/logo\/image\/","url":"https:\/\/www.apollo.mu\/wp-content\/uploads\/2023\/07\/OG-image-2.jpg","contentUrl":"https:\/\/www.apollo.mu\/wp-content\/uploads\/2023\/07\/OG-image-2.jpg","width":1200,"height":630,"caption":"T&amp;T International Foods"},"image":{"@id":"https:\/\/www.apollo.mu\/#\/schema\/logo\/image\/"},"sameAs":["https:\/\/www.facebook.com\/ttintfoods","https:\/\/www.linkedin.com\/company\/t-t-international-foods-ltd\/","https:\/\/www.instagram.com\/apollo_mine\/"]}]}},"_links":{"self":[{"href":"https:\/\/www.apollo.mu\/fr\/wp-json\/wp\/v2\/pages\/1531"}],"collection":[{"href":"https:\/\/www.apollo.mu\/fr\/wp-json\/wp\/v2\/pages"}],"about":[{"href":"https:\/\/www.apollo.mu\/fr\/wp-json\/wp\/v2\/types\/page"}],"author":[{"embeddable":true,"href":"https:\/\/www.apollo.mu\/fr\/wp-json\/wp\/v2\/users\/2"}],"replies":[{"embeddable":true,"href":"https:\/\/www.apollo.mu\/fr\/wp-json\/wp\/v2\/comments?post=1531"}],"version-history":[{"count":2,"href":"https:\/\/www.apollo.mu\/fr\/wp-json\/wp\/v2\/pages\/1531\/revisions"}],"predecessor-version":[{"id":1777,"href":"https:\/\/www.apollo.mu\/fr\/wp-json\/wp\/v2\/pages\/1531\/revisions\/1777"}],"up":[{"embeddable":true,"href":"https:\/\/www.apollo.mu\/fr\/wp-json\/wp\/v2\/pages\/1525"}],"wp:attachment":[{"href":"https:\/\/www.apollo.mu\/fr\/wp-json\/wp\/v2\/media?parent=1531"}],"curies":[{"name":"wp","href":"https:\/\/api.w.org\/{rel}","templated":true}]}}