{"id":1535,"date":"2022-02-10T13:20:28","date_gmt":"2022-02-10T09:20:28","guid":{"rendered":"https:\/\/www.apollo.mu\/produits-apollo\/apollo-classique\/boeuf\/"},"modified":"2022-02-23T16:39:42","modified_gmt":"2022-02-23T12:39:42","slug":"boeuf","status":"publish","type":"page","link":"https:\/\/www.apollo.mu\/fr\/produits-apollo\/apollo-classique\/boeuf\/","title":{"rendered":"Boeuf"},"content":{"rendered":"\t\t<div data-elementor-type=\"wp-page\" data-elementor-id=\"1535\" class=\"elementor elementor-1535 elementor-471\" data-elementor-post-type=\"page\">\n\t\t\t\t\t\t<section class=\"elementor-section elementor-top-section elementor-element elementor-element-1aa01c79 elementor-section-full_width elementor-section-height-min-height elementor-section-height-default elementor-section-items-middle\" data-id=\"1aa01c79\" data-element_type=\"section\" data-settings=\"{&quot;background_background&quot;:&quot;classic&quot;}\">\n\t\t\t\t\t\t<div class=\"elementor-container elementor-column-gap-default\">\n\t\t\t\t\t<div class=\"elementor-column elementor-col-100 elementor-top-column elementor-element elementor-element-626c2172\" data-id=\"626c2172\" data-element_type=\"column\">\n\t\t\t<div class=\"elementor-widget-wrap elementor-element-populated\">\n\t\t\t\t\t\t<section class=\"elementor-section elementor-inner-section elementor-element elementor-element-1506ca40 elementor-section-boxed elementor-section-height-default elementor-section-height-default\" data-id=\"1506ca40\" data-element_type=\"section\">\n\t\t\t\t\t\t<div class=\"elementor-container elementor-column-gap-default\">\n\t\t\t\t\t<div class=\"elementor-column elementor-col-50 elementor-inner-column elementor-element elementor-element-79deca6a\" data-id=\"79deca6a\" data-element_type=\"column\">\n\t\t\t<div class=\"elementor-widget-wrap elementor-element-populated\">\n\t\t\t\t\t\t<div class=\"elementor-element elementor-element-23fd7e26 elementor-widget elementor-widget-image\" data-id=\"23fd7e26\" data-element_type=\"widget\" data-widget_type=\"image.default\">\n\t\t\t\t<div class=\"elementor-widget-container\">\n\t\t\t\t\t\t\t\t\t\t\t\t\t<img fetchpriority=\"high\" decoding=\"async\" width=\"800\" height=\"607\" src=\"https:\/\/www.apollo.mu\/wp-content\/uploads\/2021\/06\/Apollo-Boeuf.jpg\" class=\"attachment-full size-full wp-image-632\" alt=\"\" srcset=\"https:\/\/www.apollo.mu\/wp-content\/uploads\/2021\/06\/Apollo-Boeuf.jpg 800w, https:\/\/www.apollo.mu\/wp-content\/uploads\/2021\/06\/Apollo-Boeuf-300x228.jpg 300w, https:\/\/www.apollo.mu\/wp-content\/uploads\/2021\/06\/Apollo-Boeuf-768x583.jpg 768w\" sizes=\"(max-width: 800px) 100vw, 800px\" \/>\t\t\t\t\t\t\t\t\t\t\t\t\t<\/div>\n\t\t\t\t<\/div>\n\t\t\t\t\t<\/div>\n\t\t<\/div>\n\t\t\t\t<div class=\"elementor-column elementor-col-50 elementor-inner-column elementor-element elementor-element-3b98dc88\" data-id=\"3b98dc88\" data-element_type=\"column\">\n\t\t\t<div class=\"elementor-widget-wrap elementor-element-populated\">\n\t\t\t\t\t\t<div class=\"elementor-element elementor-element-39d5ff4 elementor-widget elementor-widget-heading\" data-id=\"39d5ff4\" data-element_type=\"widget\" data-widget_type=\"heading.default\">\n\t\t\t\t<div class=\"elementor-widget-container\">\n\t\t\t<h2 class=\"elementor-heading-title elementor-size-default\">APOLLO BOEUF<\/h2>\t\t<\/div>\n\t\t\t\t<\/div>\n\t\t\t\t<div class=\"elementor-element elementor-element-62087172 elementor-widget elementor-widget-spacer\" data-id=\"62087172\" data-element_type=\"widget\" data-widget_type=\"spacer.default\">\n\t\t\t\t<div class=\"elementor-widget-container\">\n\t\t\t\t\t<div class=\"elementor-spacer\">\n\t\t\t<div class=\"elementor-spacer-inner\"><\/div>\n\t\t<\/div>\n\t\t\t\t<\/div>\n\t\t\t\t<\/div>\n\t\t\t\t<div class=\"elementor-element elementor-element-8e2ef63 elementor-widget elementor-widget-text-editor\" data-id=\"8e2ef63\" data-element_type=\"widget\" data-widget_type=\"text-editor.default\">\n\t\t\t\t<div class=\"elementor-widget-container\">\n\t\t\t\t\t\t\t<p>Peut \u00eatre utilis\u00e9 comme collation, premier plat ou m\u00eame un plat principal accompagn\u00e9 de viande, des fruits de mer ou des l\u00e9gumes!<\/p>\n\t\t\t\t\t\t<\/div>\n\t\t\t\t<\/div>\n\t\t\t\t\t<\/div>\n\t\t<\/div>\n\t\t\t\t\t<\/div>\n\t\t<\/section>\n\t\t\t\t<div class=\"elementor-element elementor-element-664f61a0 elementor-widget elementor-widget-spacer\" data-id=\"664f61a0\" data-element_type=\"widget\" data-widget_type=\"spacer.default\">\n\t\t\t\t<div class=\"elementor-widget-container\">\n\t\t\t\t\t<div class=\"elementor-spacer\">\n\t\t\t<div class=\"elementor-spacer-inner\"><\/div>\n\t\t<\/div>\n\t\t\t\t<\/div>\n\t\t\t\t<\/div>\n\t\t\t\t\t<\/div>\n\t\t<\/div>\n\t\t\t\t\t<\/div>\n\t\t<\/section>\n\t\t\t\t<\/div>\n\t\t","protected":false},"excerpt":{"rendered":"<p>APOLLO BOEUF Peut \u00eatre utilis\u00e9 comme collation, premier plat ou m\u00eame un plat principal accompagn\u00e9 de viande, des fruits de mer ou des l\u00e9gumes!<\/p>\n","protected":false},"author":2,"featured_media":0,"parent":1525,"menu_order":0,"comment_status":"closed","ping_status":"closed","template":"elementor_header_footer","meta":{"footnotes":""},"class_list":["post-1535","page","type-page","status-publish","hentry"],"yoast_head":"<!-- This site is optimized with the Yoast SEO plugin v20.10 - https:\/\/yoast.com\/wordpress\/plugins\/seo\/ -->\n<title>Boeuf - T&amp;T International Foods<\/title>\n<meta name=\"robots\" content=\"index, follow, max-snippet:-1, max-image-preview:large, max-video-preview:-1\" \/>\n<link rel=\"canonical\" href=\"https:\/\/www.apollo.mu\/fr\/produits-apollo\/apollo-classique\/boeuf\/\" \/>\n<meta property=\"og:locale\" content=\"fr_FR\" \/>\n<meta property=\"og:type\" content=\"article\" \/>\n<meta property=\"og:title\" content=\"Boeuf - T&amp;T International Foods\" \/>\n<meta property=\"og:description\" content=\"APOLLO BOEUF Peut \u00eatre utilis\u00e9 comme collation, premier plat ou m\u00eame un plat principal accompagn\u00e9 de viande, des fruits de mer ou des l\u00e9gumes!\" \/>\n<meta property=\"og:url\" content=\"https:\/\/www.apollo.mu\/fr\/produits-apollo\/apollo-classique\/boeuf\/\" \/>\n<meta property=\"og:site_name\" content=\"T&amp;T International Foods\" \/>\n<meta property=\"article:publisher\" content=\"https:\/\/www.facebook.com\/ttintfoods\" \/>\n<meta property=\"article:modified_time\" content=\"2022-02-23T12:39:42+00:00\" \/>\n<meta property=\"og:image\" content=\"https:\/\/www.apollo.mu\/wp-content\/uploads\/2021\/06\/Apollo-Boeuf.jpg\" \/>\n<meta name=\"twitter:card\" content=\"summary_large_image\" \/>\n<script type=\"application\/ld+json\" class=\"yoast-schema-graph\">{\"@context\":\"https:\/\/schema.org\",\"@graph\":[{\"@type\":\"WebPage\",\"@id\":\"https:\/\/www.apollo.mu\/fr\/produits-apollo\/apollo-classique\/boeuf\/\",\"url\":\"https:\/\/www.apollo.mu\/fr\/produits-apollo\/apollo-classique\/boeuf\/\",\"name\":\"Boeuf - T&amp;T International Foods\",\"isPartOf\":{\"@id\":\"https:\/\/www.apollo.mu\/#website\"},\"datePublished\":\"2022-02-10T09:20:28+00:00\",\"dateModified\":\"2022-02-23T12:39:42+00:00\",\"breadcrumb\":{\"@id\":\"https:\/\/www.apollo.mu\/fr\/produits-apollo\/apollo-classique\/boeuf\/#breadcrumb\"},\"inLanguage\":\"fr-FR\",\"potentialAction\":[{\"@type\":\"ReadAction\",\"target\":[\"https:\/\/www.apollo.mu\/fr\/produits-apollo\/apollo-classique\/boeuf\/\"]}]},{\"@type\":\"BreadcrumbList\",\"@id\":\"https:\/\/www.apollo.mu\/fr\/produits-apollo\/apollo-classique\/boeuf\/#breadcrumb\",\"itemListElement\":[{\"@type\":\"ListItem\",\"position\":1,\"name\":\"Home\",\"item\":\"https:\/\/www.apollo.mu\/fr\/accueil\/\"},{\"@type\":\"ListItem\",\"position\":2,\"name\":\"Produits Apollo\",\"item\":\"https:\/\/www.apollo.mu\/fr\/produits-apollo\/\"},{\"@type\":\"ListItem\",\"position\":3,\"name\":\"Apollo (Classique)\",\"item\":\"https:\/\/www.apollo.mu\/fr\/produits-apollo\/apollo-classique\/\"},{\"@type\":\"ListItem\",\"position\":4,\"name\":\"Boeuf\"}]},{\"@type\":\"WebSite\",\"@id\":\"https:\/\/www.apollo.mu\/#website\",\"url\":\"https:\/\/www.apollo.mu\/\",\"name\":\"T&amp;T International Foods\",\"description\":\"The home of Mine Apollo\",\"publisher\":{\"@id\":\"https:\/\/www.apollo.mu\/#organization\"},\"potentialAction\":[{\"@type\":\"SearchAction\",\"target\":{\"@type\":\"EntryPoint\",\"urlTemplate\":\"https:\/\/www.apollo.mu\/?s={search_term_string}\"},\"query-input\":\"required name=search_term_string\"}],\"inLanguage\":\"fr-FR\"},{\"@type\":\"Organization\",\"@id\":\"https:\/\/www.apollo.mu\/#organization\",\"name\":\"T&amp;T International Foods\",\"url\":\"https:\/\/www.apollo.mu\/\",\"logo\":{\"@type\":\"ImageObject\",\"inLanguage\":\"fr-FR\",\"@id\":\"https:\/\/www.apollo.mu\/#\/schema\/logo\/image\/\",\"url\":\"https:\/\/www.apollo.mu\/wp-content\/uploads\/2023\/07\/OG-image-2.jpg\",\"contentUrl\":\"https:\/\/www.apollo.mu\/wp-content\/uploads\/2023\/07\/OG-image-2.jpg\",\"width\":1200,\"height\":630,\"caption\":\"T&amp;T International Foods\"},\"image\":{\"@id\":\"https:\/\/www.apollo.mu\/#\/schema\/logo\/image\/\"},\"sameAs\":[\"https:\/\/www.facebook.com\/ttintfoods\",\"https:\/\/www.linkedin.com\/company\/t-t-international-foods-ltd\/\",\"https:\/\/www.instagram.com\/apollo_mine\/\"]}]}<\/script>\n<!-- \/ Yoast SEO plugin. -->","yoast_head_json":{"title":"Boeuf - T&amp;T International Foods","robots":{"index":"index","follow":"follow","max-snippet":"max-snippet:-1","max-image-preview":"max-image-preview:large","max-video-preview":"max-video-preview:-1"},"canonical":"https:\/\/www.apollo.mu\/fr\/produits-apollo\/apollo-classique\/boeuf\/","og_locale":"fr_FR","og_type":"article","og_title":"Boeuf - T&amp;T International Foods","og_description":"APOLLO BOEUF Peut \u00eatre utilis\u00e9 comme collation, premier plat ou m\u00eame un plat principal accompagn\u00e9 de viande, des fruits de mer ou des l\u00e9gumes!","og_url":"https:\/\/www.apollo.mu\/fr\/produits-apollo\/apollo-classique\/boeuf\/","og_site_name":"T&amp;T International Foods","article_publisher":"https:\/\/www.facebook.com\/ttintfoods","article_modified_time":"2022-02-23T12:39:42+00:00","og_image":[{"url":"https:\/\/www.apollo.mu\/wp-content\/uploads\/2021\/06\/Apollo-Boeuf.jpg"}],"twitter_card":"summary_large_image","schema":{"@context":"https:\/\/schema.org","@graph":[{"@type":"WebPage","@id":"https:\/\/www.apollo.mu\/fr\/produits-apollo\/apollo-classique\/boeuf\/","url":"https:\/\/www.apollo.mu\/fr\/produits-apollo\/apollo-classique\/boeuf\/","name":"Boeuf - T&amp;T International Foods","isPartOf":{"@id":"https:\/\/www.apollo.mu\/#website"},"datePublished":"2022-02-10T09:20:28+00:00","dateModified":"2022-02-23T12:39:42+00:00","breadcrumb":{"@id":"https:\/\/www.apollo.mu\/fr\/produits-apollo\/apollo-classique\/boeuf\/#breadcrumb"},"inLanguage":"fr-FR","potentialAction":[{"@type":"ReadAction","target":["https:\/\/www.apollo.mu\/fr\/produits-apollo\/apollo-classique\/boeuf\/"]}]},{"@type":"BreadcrumbList","@id":"https:\/\/www.apollo.mu\/fr\/produits-apollo\/apollo-classique\/boeuf\/#breadcrumb","itemListElement":[{"@type":"ListItem","position":1,"name":"Home","item":"https:\/\/www.apollo.mu\/fr\/accueil\/"},{"@type":"ListItem","position":2,"name":"Produits Apollo","item":"https:\/\/www.apollo.mu\/fr\/produits-apollo\/"},{"@type":"ListItem","position":3,"name":"Apollo (Classique)","item":"https:\/\/www.apollo.mu\/fr\/produits-apollo\/apollo-classique\/"},{"@type":"ListItem","position":4,"name":"Boeuf"}]},{"@type":"WebSite","@id":"https:\/\/www.apollo.mu\/#website","url":"https:\/\/www.apollo.mu\/","name":"T&amp;T International Foods","description":"The home of Mine Apollo","publisher":{"@id":"https:\/\/www.apollo.mu\/#organization"},"potentialAction":[{"@type":"SearchAction","target":{"@type":"EntryPoint","urlTemplate":"https:\/\/www.apollo.mu\/?s={search_term_string}"},"query-input":"required name=search_term_string"}],"inLanguage":"fr-FR"},{"@type":"Organization","@id":"https:\/\/www.apollo.mu\/#organization","name":"T&amp;T International Foods","url":"https:\/\/www.apollo.mu\/","logo":{"@type":"ImageObject","inLanguage":"fr-FR","@id":"https:\/\/www.apollo.mu\/#\/schema\/logo\/image\/","url":"https:\/\/www.apollo.mu\/wp-content\/uploads\/2023\/07\/OG-image-2.jpg","contentUrl":"https:\/\/www.apollo.mu\/wp-content\/uploads\/2023\/07\/OG-image-2.jpg","width":1200,"height":630,"caption":"T&amp;T International Foods"},"image":{"@id":"https:\/\/www.apollo.mu\/#\/schema\/logo\/image\/"},"sameAs":["https:\/\/www.facebook.com\/ttintfoods","https:\/\/www.linkedin.com\/company\/t-t-international-foods-ltd\/","https:\/\/www.instagram.com\/apollo_mine\/"]}]}},"_links":{"self":[{"href":"https:\/\/www.apollo.mu\/fr\/wp-json\/wp\/v2\/pages\/1535"}],"collection":[{"href":"https:\/\/www.apollo.mu\/fr\/wp-json\/wp\/v2\/pages"}],"about":[{"href":"https:\/\/www.apollo.mu\/fr\/wp-json\/wp\/v2\/types\/page"}],"author":[{"embeddable":true,"href":"https:\/\/www.apollo.mu\/fr\/wp-json\/wp\/v2\/users\/2"}],"replies":[{"embeddable":true,"href":"https:\/\/www.apollo.mu\/fr\/wp-json\/wp\/v2\/comments?post=1535"}],"version-history":[{"count":1,"href":"https:\/\/www.apollo.mu\/fr\/wp-json\/wp\/v2\/pages\/1535\/revisions"}],"predecessor-version":[{"id":1536,"href":"https:\/\/www.apollo.mu\/fr\/wp-json\/wp\/v2\/pages\/1535\/revisions\/1536"}],"up":[{"embeddable":true,"href":"https:\/\/www.apollo.mu\/fr\/wp-json\/wp\/v2\/pages\/1525"}],"wp:attachment":[{"href":"https:\/\/www.apollo.mu\/fr\/wp-json\/wp\/v2\/media?parent=1535"}],"curies":[{"name":"wp","href":"https:\/\/api.w.org\/{rel}","templated":true}]}}