{"id":1571,"date":"2022-02-10T14:39:45","date_gmt":"2022-02-10T10:39:45","guid":{"rendered":"https:\/\/www.apollo.mu\/certification-2\/"},"modified":"2022-02-23T16:38:54","modified_gmt":"2022-02-23T12:38:54","slug":"certification-2","status":"publish","type":"page","link":"https:\/\/www.apollo.mu\/fr\/certification-2\/","title":{"rendered":"Certification"},"content":{"rendered":"\t\t<div data-elementor-type=\"wp-page\" data-elementor-id=\"1571\" class=\"elementor elementor-1571 elementor-538\" data-elementor-post-type=\"page\">\n\t\t\t\t\t\t<section class=\"elementor-section elementor-top-section elementor-element elementor-element-6ac254f elementor-section-boxed elementor-section-height-default elementor-section-height-default\" data-id=\"6ac254f\" data-element_type=\"section\">\n\t\t\t\t\t\t<div class=\"elementor-container elementor-column-gap-default\">\n\t\t\t\t\t<div class=\"elementor-column elementor-col-100 elementor-top-column elementor-element elementor-element-ade01cf\" data-id=\"ade01cf\" data-element_type=\"column\">\n\t\t\t<div class=\"elementor-widget-wrap elementor-element-populated\">\n\t\t\t\t\t\t<div class=\"elementor-element elementor-element-0d53cd9 elementor-widget elementor-widget-heading\" data-id=\"0d53cd9\" data-element_type=\"widget\" data-widget_type=\"heading.default\">\n\t\t\t\t<div class=\"elementor-widget-container\">\n\t\t\t<h2 class=\"elementor-heading-title elementor-size-default\">CERTIFICATION<\/h2>\t\t<\/div>\n\t\t\t\t<\/div>\n\t\t\t\t<div class=\"elementor-element elementor-element-b56432d elementor-widget elementor-widget-spacer\" data-id=\"b56432d\" data-element_type=\"widget\" data-widget_type=\"spacer.default\">\n\t\t\t\t<div class=\"elementor-widget-container\">\n\t\t\t\t\t<div class=\"elementor-spacer\">\n\t\t\t<div class=\"elementor-spacer-inner\"><\/div>\n\t\t<\/div>\n\t\t\t\t<\/div>\n\t\t\t\t<\/div>\n\t\t\t\t<div class=\"elementor-element elementor-element-d3f6ac2 elementor-widget elementor-widget-accordion\" data-id=\"d3f6ac2\" data-element_type=\"widget\" data-widget_type=\"accordion.default\">\n\t\t\t\t<div class=\"elementor-widget-container\">\n\t\t\t\t\t<div class=\"elementor-accordion\">\n\t\t\t\t\t\t\t<div class=\"elementor-accordion-item\">\n\t\t\t\t\t<div id=\"elementor-tab-title-2221\" class=\"elementor-tab-title\" data-tab=\"1\" role=\"button\" aria-controls=\"elementor-tab-content-2221\" aria-expanded=\"false\">\n\t\t\t\t\t\t\t\t\t\t\t\t\t<span class=\"elementor-accordion-icon elementor-accordion-icon-right\" aria-hidden=\"true\">\n\t\t\t\t\t\t\t\t\t\t\t\t\t\t\t<span class=\"elementor-accordion-icon-closed\"><i class=\"fas fa-plus\"><\/i><\/span>\n\t\t\t\t\t\t\t\t<span class=\"elementor-accordion-icon-opened\"><i class=\"fas fa-minus\"><\/i><\/span>\n\t\t\t\t\t\t\t\t\t\t\t\t\t\t<\/span>\n\t\t\t\t\t\t\t\t\t\t\t\t<a class=\"elementor-accordion-title\" tabindex=\"0\"> HACCP Certification<\/a>\n\t\t\t\t\t<\/div>\n\t\t\t\t\t<div id=\"elementor-tab-content-2221\" class=\"elementor-tab-content elementor-clearfix\" data-tab=\"1\" role=\"region\" aria-labelledby=\"elementor-tab-title-2221\"><p>Le syst\u00e8me d&rsquo;analyse des risques et de ma\u00eetrise des points critiques, ou HACCP, est une approche pr\u00e9ventive syst\u00e9matique de la s\u00e9curit\u00e9 alimentaire, qui vise \u00e0 pr\u00e9venir les risques biologiques, chimiques et physiques dans les processus de production, susceptibles de rendre le produit fini dangereux, et \u00e0 concevoir des mesures pour r\u00e9duire ces risques \u00e0 un niveau s\u00fbr.<br \/>De cette mani\u00e8re, le syst\u00e8me HACCP tente d&rsquo;\u00e9viter les dangers plut\u00f4t que d&rsquo;essayer d&rsquo;inspecter les produits finis pour d\u00e9tecter les effets de ces dangers.<\/p>\n<p>We are HACCP certified by the Soci\u00e9t\u00e9 G\u00e9n\u00e9rale de Surveillance (SGS) since March 2018.<\/p>\n<\/div>\n\t\t\t\t<\/div>\n\t\t\t\t\t\t\t<div class=\"elementor-accordion-item\">\n\t\t\t\t\t<div id=\"elementor-tab-title-2222\" class=\"elementor-tab-title\" data-tab=\"2\" role=\"button\" aria-controls=\"elementor-tab-content-2222\" aria-expanded=\"false\">\n\t\t\t\t\t\t\t\t\t\t\t\t\t<span class=\"elementor-accordion-icon elementor-accordion-icon-right\" aria-hidden=\"true\">\n\t\t\t\t\t\t\t\t\t\t\t\t\t\t\t<span class=\"elementor-accordion-icon-closed\"><i class=\"fas fa-plus\"><\/i><\/span>\n\t\t\t\t\t\t\t\t<span class=\"elementor-accordion-icon-opened\"><i class=\"fas fa-minus\"><\/i><\/span>\n\t\t\t\t\t\t\t\t\t\t\t\t\t\t<\/span>\n\t\t\t\t\t\t\t\t\t\t\t\t<a class=\"elementor-accordion-title\" tabindex=\"0\"> ISO 9001 Certification<\/a>\n\t\t\t\t\t<\/div>\n\t\t\t\t\t<div id=\"elementor-tab-content-2222\" class=\"elementor-tab-content elementor-clearfix\" data-tab=\"2\" role=\"region\" aria-labelledby=\"elementor-tab-title-2222\"><p>Depuis 2005, T &amp; T International Foods est certifi\u00e9e ISO9001 par la Soci\u00e9t\u00e9 G\u00e9n\u00e9rale de Surveillance (SGS) et accr\u00e9dit\u00e9e par le United Kingdom Accreditation Services (UKAS). Nouveau certificat ISO 9001:2015 du 16 juillet 2017 au 09 juillet 2020, dans le cadre duquel plusieurs audits seront r\u00e9alis\u00e9s chaque ann\u00e9e afin de garantir que nous sommes en conformit\u00e9 avec un ensemble de r\u00e8gles et de proc\u00e9dures convenues, comme l&rsquo;exigent la loi sur l&rsquo;alimentation et les normes internationales.<\/p>\n<p><img fetchpriority=\"high\" decoding=\"async\" class=\"size-full wp-image-539 aligncenter\" src=\"http:\/\/tnt.pixelis.mu\/wp-content\/uploads\/2021\/05\/SGS.png\" alt=\"\" width=\"405\" height=\"557\" srcset=\"https:\/\/www.apollo.mu\/wp-content\/uploads\/2021\/05\/SGS.png 405w, https:\/\/www.apollo.mu\/wp-content\/uploads\/2021\/05\/SGS-218x300.png 218w\" sizes=\"(max-width: 405px) 100vw, 405px\" \/><\/p>\n<\/div>\n\t\t\t\t<\/div>\n\t\t\t\t\t\t\t<div class=\"elementor-accordion-item\">\n\t\t\t\t\t<div id=\"elementor-tab-title-2223\" class=\"elementor-tab-title\" data-tab=\"3\" role=\"button\" aria-controls=\"elementor-tab-content-2223\" aria-expanded=\"false\">\n\t\t\t\t\t\t\t\t\t\t\t\t\t<span class=\"elementor-accordion-icon elementor-accordion-icon-right\" aria-hidden=\"true\">\n\t\t\t\t\t\t\t\t\t\t\t\t\t\t\t<span class=\"elementor-accordion-icon-closed\"><i class=\"fas fa-plus\"><\/i><\/span>\n\t\t\t\t\t\t\t\t<span class=\"elementor-accordion-icon-opened\"><i class=\"fas fa-minus\"><\/i><\/span>\n\t\t\t\t\t\t\t\t\t\t\t\t\t\t<\/span>\n\t\t\t\t\t\t\t\t\t\t\t\t<a class=\"elementor-accordion-title\" tabindex=\"0\"> Superbrands<\/a>\n\t\t\t\t\t<\/div>\n\t\t\t\t\t<div id=\"elementor-tab-content-2223\" class=\"elementor-tab-content elementor-clearfix\" data-tab=\"3\" role=\"region\" aria-labelledby=\"elementor-tab-title-2223\"><p>L&rsquo;organisation Superbrands est un arbitre ind\u00e9pendant en mati\u00e8re de branding, qui vise \u00e0 donner aux clients un aper\u00e7u des marques importantes qui ont touch\u00e9 leur vie.<\/p>\n<p>Lorsque vous parlez \u00e0 un Mauricien de nouilles en utilisant le lexique local min, un autre mot vient automatiquement \u00e0 l&rsquo;esprit pour s&rsquo;ajouter \u00e0 ce m\u00eame mot : Apollo. Alors que le nom d&rsquo;Apollo, pour tout non-Mauricien, renvoie \u00e0 la c\u00e9l\u00e8bre navette spatiale am\u00e9ricaine, pour les Mauriciens, Apollo \u00e9voque la plus c\u00e9l\u00e8bre marque de nouilles de l&rsquo;\u00eele Maurice. Les nouilles Apollo sont devenues un nom familier depuis plusieurs d\u00e9cennies, portant l&rsquo;h\u00e9ritage d&rsquo;une famille d&rsquo;origine chinoise. On consid\u00e8re m\u00eame aujourd&rsquo;hui que les nouilles Apollo ont contribu\u00e9 de mani\u00e8re significative \u00e0 la cuisine locale avec leurs diff\u00e9rentes saveurs et recettes.<\/p>\n<\/p>\n<p><img decoding=\"async\" class=\"size-full wp-image-541 aligncenter\" src=\"http:\/\/tnt.pixelis.mu\/wp-content\/uploads\/2021\/05\/Superbrands-certificate.jpg\" alt=\"\" width=\"387\" height=\"291\" srcset=\"https:\/\/www.apollo.mu\/wp-content\/uploads\/2021\/05\/Superbrands-certificate.jpg 387w, https:\/\/www.apollo.mu\/wp-content\/uploads\/2021\/05\/Superbrands-certificate-300x226.jpg 300w\" sizes=\"(max-width: 387px) 100vw, 387px\" \/><\/p>\n<\/div>\n\t\t\t\t<\/div>\n\t\t\t\t\t\t\t<div class=\"elementor-accordion-item\">\n\t\t\t\t\t<div id=\"elementor-tab-title-2224\" class=\"elementor-tab-title\" data-tab=\"4\" role=\"button\" aria-controls=\"elementor-tab-content-2224\" aria-expanded=\"false\">\n\t\t\t\t\t\t\t\t\t\t\t\t\t<span class=\"elementor-accordion-icon elementor-accordion-icon-right\" aria-hidden=\"true\">\n\t\t\t\t\t\t\t\t\t\t\t\t\t\t\t<span class=\"elementor-accordion-icon-closed\"><i class=\"fas fa-plus\"><\/i><\/span>\n\t\t\t\t\t\t\t\t<span class=\"elementor-accordion-icon-opened\"><i class=\"fas fa-minus\"><\/i><\/span>\n\t\t\t\t\t\t\t\t\t\t\t\t\t\t<\/span>\n\t\t\t\t\t\t\t\t\t\t\t\t<a class=\"elementor-accordion-title\" tabindex=\"0\"> Empreinte carbone<\/a>\n\t\t\t\t\t<\/div>\n\t\t\t\t\t<div id=\"elementor-tab-content-2224\" class=\"elementor-tab-content elementor-clearfix\" data-tab=\"4\" role=\"region\" aria-labelledby=\"elementor-tab-title-2224\"><p>L&#8217;empreinte carbone est la mesure de l&rsquo;impact environnemental du mode de vie ou des activit\u00e9s d&rsquo;une personne ou d&rsquo;une organisation donn\u00e9e, mesur\u00e9 en unit\u00e9s de dioxyde de carbone.<\/p>\n<p>Une empreinte carbone est compos\u00e9e de deux parties, une empreinte primaire et une empreinte secondaire. L&#8217;empreinte primaire est la somme des \u00e9missions directes de dioxyde de carbone provenant de la combustion de combustibles fossiles, comme la consommation d&rsquo;\u00e9nergie domestique par les fours et les chauffe-eau, et des transports, comme les automobiles et les voyages en avion. L&#8217;empreinte secondaire est la somme des \u00e9missions indirectes associ\u00e9es \u00e0 la fabrication et \u00e0 la d\u00e9composition de tous les produits, services et aliments consomm\u00e9s par un individu ou une entreprise.<\/p>\n<p>Nous op\u00e9rons dans des b\u00e2timents d&rsquo;une superficie totale de 5 500 m\u00e8tres carr\u00e9s, et nous nous effor\u00e7ons de trouver des moyens de minimiser l&rsquo;impact industriel de nos activit\u00e9s sur notre environnement. Chaque ann\u00e9e, nous contr\u00f4lons nos ratios d&rsquo;\u00e9mission de carbone bleu par rapport \u00e0 notre consommation d&rsquo;\u00e9nergie et \u00e0 notre productivit\u00e9. Ainsi, nous sommes en mesure de prendre des mesures appropri\u00e9es pour r\u00e9duire notre consommation de fioul lourd et am\u00e9liorer notre efficacit\u00e9 \u00e9nerg\u00e9tique en utilisant des technologies vertes.<\/p>\n<p><img decoding=\"async\" class=\"size-full wp-image-542 aligncenter\" src=\"http:\/\/tnt.pixelis.mu\/wp-content\/uploads\/2021\/05\/Blue-carbon-certificate.jpg\" alt=\"\" width=\"387\" height=\"547\" srcset=\"https:\/\/www.apollo.mu\/wp-content\/uploads\/2021\/05\/Blue-carbon-certificate.jpg 387w, https:\/\/www.apollo.mu\/wp-content\/uploads\/2021\/05\/Blue-carbon-certificate-212x300.jpg 212w\" sizes=\"(max-width: 387px) 100vw, 387px\" \/><\/p>\n<\/div>\n\t\t\t\t<\/div>\n\t\t\t\t\t\t\t\t<\/div>\n\t\t\t\t<\/div>\n\t\t\t\t<\/div>\n\t\t\t\t\t<\/div>\n\t\t<\/div>\n\t\t\t\t\t<\/div>\n\t\t<\/section>\n\t\t\t\t<\/div>\n\t\t","protected":false},"excerpt":{"rendered":"<p>CERTIFICATION HACCP Certification Le syst\u00e8me d&#8217;analyse des risques et de ma\u00eetrise des points critiques, ou HACCP, est une approche pr\u00e9ventive syst\u00e9matique de la s\u00e9curit\u00e9 alimentaire, qui vise \u00e0 pr\u00e9venir les risques biologiques, chimiques et physiques dans les processus de production, susceptibles de rendre le produit fini dangereux, et \u00e0 concevoir des mesures pour r\u00e9duire ces [&hellip;]<\/p>\n","protected":false},"author":2,"featured_media":0,"parent":0,"menu_order":0,"comment_status":"closed","ping_status":"closed","template":"elementor_header_footer","meta":{"footnotes":""},"class_list":["post-1571","page","type-page","status-publish","hentry"],"yoast_head":"<!-- This site is optimized with the Yoast SEO plugin v20.10 - https:\/\/yoast.com\/wordpress\/plugins\/seo\/ -->\n<title>Certification - T&amp;T International Foods<\/title>\n<meta name=\"robots\" content=\"index, follow, max-snippet:-1, max-image-preview:large, max-video-preview:-1\" \/>\n<link rel=\"canonical\" href=\"https:\/\/www.apollo.mu\/fr\/certification-2\/\" \/>\n<meta property=\"og:locale\" content=\"fr_FR\" \/>\n<meta property=\"og:type\" content=\"article\" \/>\n<meta property=\"og:title\" content=\"Certification - T&amp;T International Foods\" \/>\n<meta property=\"og:description\" content=\"CERTIFICATION HACCP Certification Le syst\u00e8me d&#8217;analyse des risques et de ma\u00eetrise des points critiques, ou HACCP, est une approche pr\u00e9ventive syst\u00e9matique de la s\u00e9curit\u00e9 alimentaire, qui vise \u00e0 pr\u00e9venir les risques biologiques, chimiques et physiques dans les processus de production, susceptibles de rendre le produit fini dangereux, et \u00e0 concevoir des mesures pour r\u00e9duire ces [&hellip;]\" \/>\n<meta property=\"og:url\" content=\"https:\/\/www.apollo.mu\/fr\/certification-2\/\" \/>\n<meta property=\"og:site_name\" content=\"T&amp;T International Foods\" \/>\n<meta property=\"article:publisher\" content=\"https:\/\/www.facebook.com\/ttintfoods\" \/>\n<meta property=\"article:modified_time\" content=\"2022-02-23T12:38:54+00:00\" \/>\n<meta property=\"og:image\" content=\"http:\/\/tnt.pixelis.mu\/wp-content\/uploads\/2021\/05\/SGS.png\" \/>\n<meta name=\"twitter:card\" content=\"summary_large_image\" \/>\n<meta name=\"twitter:label1\" content=\"Dur\u00e9e de lecture estim\u00e9e\" \/>\n\t<meta name=\"twitter:data1\" content=\"3 minutes\" \/>\n<script type=\"application\/ld+json\" class=\"yoast-schema-graph\">{\"@context\":\"https:\/\/schema.org\",\"@graph\":[{\"@type\":\"WebPage\",\"@id\":\"https:\/\/www.apollo.mu\/fr\/certification-2\/\",\"url\":\"https:\/\/www.apollo.mu\/fr\/certification-2\/\",\"name\":\"Certification - T&amp;T International Foods\",\"isPartOf\":{\"@id\":\"https:\/\/www.apollo.mu\/#website\"},\"datePublished\":\"2022-02-10T10:39:45+00:00\",\"dateModified\":\"2022-02-23T12:38:54+00:00\",\"breadcrumb\":{\"@id\":\"https:\/\/www.apollo.mu\/fr\/certification-2\/#breadcrumb\"},\"inLanguage\":\"fr-FR\",\"potentialAction\":[{\"@type\":\"ReadAction\",\"target\":[\"https:\/\/www.apollo.mu\/fr\/certification-2\/\"]}]},{\"@type\":\"BreadcrumbList\",\"@id\":\"https:\/\/www.apollo.mu\/fr\/certification-2\/#breadcrumb\",\"itemListElement\":[{\"@type\":\"ListItem\",\"position\":1,\"name\":\"Home\",\"item\":\"https:\/\/www.apollo.mu\/fr\/accueil\/\"},{\"@type\":\"ListItem\",\"position\":2,\"name\":\"Certification\"}]},{\"@type\":\"WebSite\",\"@id\":\"https:\/\/www.apollo.mu\/#website\",\"url\":\"https:\/\/www.apollo.mu\/\",\"name\":\"T&amp;T International Foods\",\"description\":\"The home of Mine Apollo\",\"publisher\":{\"@id\":\"https:\/\/www.apollo.mu\/#organization\"},\"potentialAction\":[{\"@type\":\"SearchAction\",\"target\":{\"@type\":\"EntryPoint\",\"urlTemplate\":\"https:\/\/www.apollo.mu\/?s={search_term_string}\"},\"query-input\":\"required name=search_term_string\"}],\"inLanguage\":\"fr-FR\"},{\"@type\":\"Organization\",\"@id\":\"https:\/\/www.apollo.mu\/#organization\",\"name\":\"T&amp;T International Foods\",\"url\":\"https:\/\/www.apollo.mu\/\",\"logo\":{\"@type\":\"ImageObject\",\"inLanguage\":\"fr-FR\",\"@id\":\"https:\/\/www.apollo.mu\/#\/schema\/logo\/image\/\",\"url\":\"https:\/\/www.apollo.mu\/wp-content\/uploads\/2023\/07\/OG-image-2.jpg\",\"contentUrl\":\"https:\/\/www.apollo.mu\/wp-content\/uploads\/2023\/07\/OG-image-2.jpg\",\"width\":1200,\"height\":630,\"caption\":\"T&amp;T International Foods\"},\"image\":{\"@id\":\"https:\/\/www.apollo.mu\/#\/schema\/logo\/image\/\"},\"sameAs\":[\"https:\/\/www.facebook.com\/ttintfoods\",\"https:\/\/www.linkedin.com\/company\/t-t-international-foods-ltd\/\",\"https:\/\/www.instagram.com\/apollo_mine\/\"]}]}<\/script>\n<!-- \/ Yoast SEO plugin. -->","yoast_head_json":{"title":"Certification - T&amp;T International Foods","robots":{"index":"index","follow":"follow","max-snippet":"max-snippet:-1","max-image-preview":"max-image-preview:large","max-video-preview":"max-video-preview:-1"},"canonical":"https:\/\/www.apollo.mu\/fr\/certification-2\/","og_locale":"fr_FR","og_type":"article","og_title":"Certification - T&amp;T International Foods","og_description":"CERTIFICATION HACCP Certification Le syst\u00e8me d&#8217;analyse des risques et de ma\u00eetrise des points critiques, ou HACCP, est une approche pr\u00e9ventive syst\u00e9matique de la s\u00e9curit\u00e9 alimentaire, qui vise \u00e0 pr\u00e9venir les risques biologiques, chimiques et physiques dans les processus de production, susceptibles de rendre le produit fini dangereux, et \u00e0 concevoir des mesures pour r\u00e9duire ces [&hellip;]","og_url":"https:\/\/www.apollo.mu\/fr\/certification-2\/","og_site_name":"T&amp;T International Foods","article_publisher":"https:\/\/www.facebook.com\/ttintfoods","article_modified_time":"2022-02-23T12:38:54+00:00","og_image":[{"url":"http:\/\/tnt.pixelis.mu\/wp-content\/uploads\/2021\/05\/SGS.png"}],"twitter_card":"summary_large_image","twitter_misc":{"Dur\u00e9e de lecture estim\u00e9e":"3 minutes"},"schema":{"@context":"https:\/\/schema.org","@graph":[{"@type":"WebPage","@id":"https:\/\/www.apollo.mu\/fr\/certification-2\/","url":"https:\/\/www.apollo.mu\/fr\/certification-2\/","name":"Certification - T&amp;T International Foods","isPartOf":{"@id":"https:\/\/www.apollo.mu\/#website"},"datePublished":"2022-02-10T10:39:45+00:00","dateModified":"2022-02-23T12:38:54+00:00","breadcrumb":{"@id":"https:\/\/www.apollo.mu\/fr\/certification-2\/#breadcrumb"},"inLanguage":"fr-FR","potentialAction":[{"@type":"ReadAction","target":["https:\/\/www.apollo.mu\/fr\/certification-2\/"]}]},{"@type":"BreadcrumbList","@id":"https:\/\/www.apollo.mu\/fr\/certification-2\/#breadcrumb","itemListElement":[{"@type":"ListItem","position":1,"name":"Home","item":"https:\/\/www.apollo.mu\/fr\/accueil\/"},{"@type":"ListItem","position":2,"name":"Certification"}]},{"@type":"WebSite","@id":"https:\/\/www.apollo.mu\/#website","url":"https:\/\/www.apollo.mu\/","name":"T&amp;T International Foods","description":"The home of Mine Apollo","publisher":{"@id":"https:\/\/www.apollo.mu\/#organization"},"potentialAction":[{"@type":"SearchAction","target":{"@type":"EntryPoint","urlTemplate":"https:\/\/www.apollo.mu\/?s={search_term_string}"},"query-input":"required name=search_term_string"}],"inLanguage":"fr-FR"},{"@type":"Organization","@id":"https:\/\/www.apollo.mu\/#organization","name":"T&amp;T International Foods","url":"https:\/\/www.apollo.mu\/","logo":{"@type":"ImageObject","inLanguage":"fr-FR","@id":"https:\/\/www.apollo.mu\/#\/schema\/logo\/image\/","url":"https:\/\/www.apollo.mu\/wp-content\/uploads\/2023\/07\/OG-image-2.jpg","contentUrl":"https:\/\/www.apollo.mu\/wp-content\/uploads\/2023\/07\/OG-image-2.jpg","width":1200,"height":630,"caption":"T&amp;T International Foods"},"image":{"@id":"https:\/\/www.apollo.mu\/#\/schema\/logo\/image\/"},"sameAs":["https:\/\/www.facebook.com\/ttintfoods","https:\/\/www.linkedin.com\/company\/t-t-international-foods-ltd\/","https:\/\/www.instagram.com\/apollo_mine\/"]}]}},"_links":{"self":[{"href":"https:\/\/www.apollo.mu\/fr\/wp-json\/wp\/v2\/pages\/1571"}],"collection":[{"href":"https:\/\/www.apollo.mu\/fr\/wp-json\/wp\/v2\/pages"}],"about":[{"href":"https:\/\/www.apollo.mu\/fr\/wp-json\/wp\/v2\/types\/page"}],"author":[{"embeddable":true,"href":"https:\/\/www.apollo.mu\/fr\/wp-json\/wp\/v2\/users\/2"}],"replies":[{"embeddable":true,"href":"https:\/\/www.apollo.mu\/fr\/wp-json\/wp\/v2\/comments?post=1571"}],"version-history":[{"count":1,"href":"https:\/\/www.apollo.mu\/fr\/wp-json\/wp\/v2\/pages\/1571\/revisions"}],"predecessor-version":[{"id":1572,"href":"https:\/\/www.apollo.mu\/fr\/wp-json\/wp\/v2\/pages\/1571\/revisions\/1572"}],"wp:attachment":[{"href":"https:\/\/www.apollo.mu\/fr\/wp-json\/wp\/v2\/media?parent=1571"}],"curies":[{"name":"wp","href":"https:\/\/api.w.org\/{rel}","templated":true}]}}