{"id":1577,"date":"2022-02-10T15:14:17","date_gmt":"2022-02-10T11:14:17","guid":{"rendered":"https:\/\/www.apollo.mu\/autres-produits\/"},"modified":"2022-02-23T16:38:50","modified_gmt":"2022-02-23T12:38:50","slug":"autres-produits","status":"publish","type":"page","link":"https:\/\/www.apollo.mu\/fr\/autres-produits\/","title":{"rendered":"Autres produits"},"content":{"rendered":"\t\t<div data-elementor-type=\"wp-page\" data-elementor-id=\"1577\" class=\"elementor elementor-1577 elementor-74\" data-elementor-post-type=\"page\">\n\t\t\t\t\t\t<section class=\"elementor-section elementor-top-section elementor-element elementor-element-d188f3d elementor-section-full_width elementor-section-height-default elementor-section-height-default\" data-id=\"d188f3d\" data-element_type=\"section\">\n\t\t\t\t\t\t<div class=\"elementor-container elementor-column-gap-default\">\n\t\t\t\t\t<div class=\"elementor-column elementor-col-100 elementor-top-column elementor-element elementor-element-6b43471\" data-id=\"6b43471\" data-element_type=\"column\">\n\t\t\t<div class=\"elementor-widget-wrap elementor-element-populated\">\n\t\t\t\t\t\t<div class=\"elementor-element elementor-element-02194d7 elementor-widget elementor-widget-heading\" data-id=\"02194d7\" data-element_type=\"widget\" data-widget_type=\"heading.default\">\n\t\t\t\t<div class=\"elementor-widget-container\">\n\t\t\t<h2 class=\"elementor-heading-title elementor-size-default\">Autres produits<\/h2>\t\t<\/div>\n\t\t\t\t<\/div>\n\t\t\t\t\t<\/div>\n\t\t<\/div>\n\t\t\t\t\t<\/div>\n\t\t<\/section>\n\t\t\t\t<section class=\"elementor-section elementor-top-section elementor-element elementor-element-8983243 elementor-section-boxed elementor-section-height-default elementor-section-height-default\" data-id=\"8983243\" data-element_type=\"section\">\n\t\t\t\t\t\t<div class=\"elementor-container elementor-column-gap-wider\">\n\t\t\t\t\t<div class=\"elementor-column elementor-col-33 elementor-top-column elementor-element elementor-element-9c3be34\" data-id=\"9c3be34\" data-element_type=\"column\">\n\t\t\t<div class=\"elementor-widget-wrap elementor-element-populated\">\n\t\t\t\t\t\t<div class=\"elementor-element elementor-element-d769f18 elementor-widget elementor-widget-image\" data-id=\"d769f18\" data-element_type=\"widget\" data-widget_type=\"image.default\">\n\t\t\t\t<div class=\"elementor-widget-container\">\n\t\t\t\t\t\t\t\t\t\t\t\t\t<img fetchpriority=\"high\" decoding=\"async\" width=\"300\" height=\"267\" src=\"https:\/\/www.apollo.mu\/wp-content\/uploads\/2021\/10\/Master-Minn-tnt-300x267.png\" class=\"attachment-medium size-medium wp-image-1170\" alt=\"\" srcset=\"https:\/\/www.apollo.mu\/wp-content\/uploads\/2021\/10\/Master-Minn-tnt-300x267.png 300w, https:\/\/www.apollo.mu\/wp-content\/uploads\/2021\/10\/Master-Minn-tnt.png 337w\" sizes=\"(max-width: 300px) 100vw, 300px\" \/>\t\t\t\t\t\t\t\t\t\t\t\t\t<\/div>\n\t\t\t\t<\/div>\n\t\t\t\t<div class=\"elementor-element elementor-element-7dc83a9 elementor-widget elementor-widget-spacer\" data-id=\"7dc83a9\" data-element_type=\"widget\" data-widget_type=\"spacer.default\">\n\t\t\t\t<div class=\"elementor-widget-container\">\n\t\t\t\t\t<div class=\"elementor-spacer\">\n\t\t\t<div class=\"elementor-spacer-inner\"><\/div>\n\t\t<\/div>\n\t\t\t\t<\/div>\n\t\t\t\t<\/div>\n\t\t\t\t<div class=\"elementor-element elementor-element-85adc52 elementor-widget elementor-widget-heading\" data-id=\"85adc52\" data-element_type=\"widget\" data-widget_type=\"heading.default\">\n\t\t\t\t<div class=\"elementor-widget-container\">\n\t\t\t<h2 class=\"elementor-heading-title elementor-size-default\"><span style=\"white-space: normal;\">MASTERMINN<\/span><\/h2>\t\t<\/div>\n\t\t\t\t<\/div>\n\t\t\t\t<div class=\"elementor-element elementor-element-d84bb8d elementor-widget elementor-widget-text-editor\" data-id=\"d84bb8d\" data-element_type=\"widget\" data-widget_type=\"text-editor.default\">\n\t\t\t\t<div class=\"elementor-widget-container\">\n\t\t\t\t\t\t\t<p><strong>MASTER MINN<\/strong> est une gamme de nouilles fra\u00eeches de qualit\u00e9 (500g) sans \u0153ufs et convenant aux v\u00e9g\u00e9taliens\/v\u00e9g\u00e9tariens. Ils contiennent un minimum d&rsquo;huile et peuvent \u00eatre pr\u00e9par\u00e9s en moins de 10 secondes. Elles peuvent \u00eatre servies comme des nouilles nature avec les garnitures de votre choix, comme une soupe ou comme des nouilles frites. Avec Master Minn, vous \u00eates le ma\u00eetre cuisinier !<\/p>\n\t\t\t\t\t\t<\/div>\n\t\t\t\t<\/div>\n\t\t\t\t\t<\/div>\n\t\t<\/div>\n\t\t\t\t<div class=\"elementor-column elementor-col-33 elementor-top-column elementor-element elementor-element-7f72a53\" data-id=\"7f72a53\" data-element_type=\"column\">\n\t\t\t<div class=\"elementor-widget-wrap elementor-element-populated\">\n\t\t\t\t\t\t<div class=\"elementor-element elementor-element-67df985 elementor-widget elementor-widget-image\" data-id=\"67df985\" data-element_type=\"widget\" data-widget_type=\"image.default\">\n\t\t\t\t<div class=\"elementor-widget-container\">\n\t\t\t\t\t\t\t\t\t\t\t\t\t<img decoding=\"async\" width=\"300\" height=\"267\" src=\"https:\/\/www.apollo.mu\/wp-content\/uploads\/2021\/10\/MAYA-tnt2-300x267.png\" class=\"attachment-medium size-medium wp-image-1169\" alt=\"\" srcset=\"https:\/\/www.apollo.mu\/wp-content\/uploads\/2021\/10\/MAYA-tnt2-300x267.png 300w, https:\/\/www.apollo.mu\/wp-content\/uploads\/2021\/10\/MAYA-tnt2.png 337w\" sizes=\"(max-width: 300px) 100vw, 300px\" \/>\t\t\t\t\t\t\t\t\t\t\t\t\t<\/div>\n\t\t\t\t<\/div>\n\t\t\t\t<div class=\"elementor-element elementor-element-d6589f5 elementor-widget elementor-widget-spacer\" data-id=\"d6589f5\" data-element_type=\"widget\" data-widget_type=\"spacer.default\">\n\t\t\t\t<div class=\"elementor-widget-container\">\n\t\t\t\t\t<div class=\"elementor-spacer\">\n\t\t\t<div class=\"elementor-spacer-inner\"><\/div>\n\t\t<\/div>\n\t\t\t\t<\/div>\n\t\t\t\t<\/div>\n\t\t\t\t<div class=\"elementor-element elementor-element-28e206c elementor-widget elementor-widget-heading\" data-id=\"28e206c\" data-element_type=\"widget\" data-widget_type=\"heading.default\">\n\t\t\t\t<div class=\"elementor-widget-container\">\n\t\t\t<h2 class=\"elementor-heading-title elementor-size-default\"><span style=\"white-space: normal;\">MAYA<\/span><\/h2>\t\t<\/div>\n\t\t\t\t<\/div>\n\t\t\t\t<div class=\"elementor-element elementor-element-6812d92 elementor-widget elementor-widget-text-editor\" data-id=\"6812d92\" data-element_type=\"widget\" data-widget_type=\"text-editor.default\">\n\t\t\t\t<div class=\"elementor-widget-container\">\n\t\t\t\t\t\t\t<p>Vous recherchez des nouilles \u00e0 la texture plus fine et \u00e0 la sensation al dente en bouche ? Maya est celle qu&rsquo;il te faut.<\/p>\n<p>Les nouilles Mona peuvent \u00eatre pr\u00e9par\u00e9es comme un plat asiatique, comme un plat typiquement mauricien ou encore comme un plat italien avec de la sauce Carbonara.<\/p>\n\t\t\t\t\t\t<\/div>\n\t\t\t\t<\/div>\n\t\t\t\t\t<\/div>\n\t\t<\/div>\n\t\t\t\t<div class=\"elementor-column elementor-col-33 elementor-top-column elementor-element elementor-element-693390e\" data-id=\"693390e\" data-element_type=\"column\">\n\t\t\t<div class=\"elementor-widget-wrap elementor-element-populated\">\n\t\t\t\t\t\t<div class=\"elementor-element elementor-element-6b725e6 elementor-widget elementor-widget-image\" data-id=\"6b725e6\" data-element_type=\"widget\" data-widget_type=\"image.default\">\n\t\t\t\t<div class=\"elementor-widget-container\">\n\t\t\t\t\t\t\t\t\t\t\t\t\t<img decoding=\"async\" width=\"300\" height=\"267\" src=\"https:\/\/www.apollo.mu\/wp-content\/uploads\/2021\/10\/mona-tnt2-300x267.png\" class=\"attachment-medium size-medium wp-image-1171\" alt=\"\" srcset=\"https:\/\/www.apollo.mu\/wp-content\/uploads\/2021\/10\/mona-tnt2-300x267.png 300w, https:\/\/www.apollo.mu\/wp-content\/uploads\/2021\/10\/mona-tnt2.png 337w\" sizes=\"(max-width: 300px) 100vw, 300px\" \/>\t\t\t\t\t\t\t\t\t\t\t\t\t<\/div>\n\t\t\t\t<\/div>\n\t\t\t\t<div class=\"elementor-element elementor-element-cc6f0d3 elementor-widget elementor-widget-spacer\" data-id=\"cc6f0d3\" data-element_type=\"widget\" data-widget_type=\"spacer.default\">\n\t\t\t\t<div class=\"elementor-widget-container\">\n\t\t\t\t\t<div class=\"elementor-spacer\">\n\t\t\t<div class=\"elementor-spacer-inner\"><\/div>\n\t\t<\/div>\n\t\t\t\t<\/div>\n\t\t\t\t<\/div>\n\t\t\t\t<div class=\"elementor-element elementor-element-c041313 elementor-widget elementor-widget-heading\" data-id=\"c041313\" data-element_type=\"widget\" data-widget_type=\"heading.default\">\n\t\t\t\t<div class=\"elementor-widget-container\">\n\t\t\t<h2 class=\"elementor-heading-title elementor-size-default\"><span style=\"white-space: normal;\">\nMONA<\/span><\/h2>\t\t<\/div>\n\t\t\t\t<\/div>\n\t\t\t\t<div class=\"elementor-element elementor-element-065a305 elementor-widget elementor-widget-text-editor\" data-id=\"065a305\" data-element_type=\"widget\" data-widget_type=\"text-editor.default\">\n\t\t\t\t<div class=\"elementor-widget-container\">\n\t\t\t\t\t\t\t<p>Les nouilles s\u00e8ches Mona sont un indispensable de votre cuisine. Pr\u00e9parer le plat pr\u00e9f\u00e9r\u00e9 de tous les Mauriciens, les nouilles frites, n&rsquo;a jamais \u00e9t\u00e9 aussi facile avec Mona.<\/p>\n<p>Vos nouilles saut\u00e9es ne seront jamais un flop !<\/p>\n\t\t\t\t\t\t<\/div>\n\t\t\t\t<\/div>\n\t\t\t\t\t<\/div>\n\t\t<\/div>\n\t\t\t\t\t<\/div>\n\t\t<\/section>\n\t\t\t\t<section class=\"elementor-section elementor-top-section elementor-element elementor-element-7cb3640 elementor-section-boxed elementor-section-height-default elementor-section-height-default\" data-id=\"7cb3640\" data-element_type=\"section\">\n\t\t\t\t\t\t<div class=\"elementor-container elementor-column-gap-wider\">\n\t\t\t\t\t<div class=\"elementor-column elementor-col-33 elementor-top-column elementor-element elementor-element-37ec80c\" data-id=\"37ec80c\" data-element_type=\"column\">\n\t\t\t<div class=\"elementor-widget-wrap elementor-element-populated\">\n\t\t\t\t\t\t<div class=\"elementor-element elementor-element-521b689 elementor-widget elementor-widget-image\" data-id=\"521b689\" data-element_type=\"widget\" data-widget_type=\"image.default\">\n\t\t\t\t<div class=\"elementor-widget-container\">\n\t\t\t\t\t\t\t\t\t\t\t\t\t<img loading=\"lazy\" decoding=\"async\" width=\"300\" height=\"267\" src=\"https:\/\/www.apollo.mu\/wp-content\/uploads\/2021\/10\/PANDA-tnt2-300x267.png\" class=\"attachment-medium size-medium wp-image-1172\" alt=\"\" srcset=\"https:\/\/www.apollo.mu\/wp-content\/uploads\/2021\/10\/PANDA-tnt2-300x267.png 300w, https:\/\/www.apollo.mu\/wp-content\/uploads\/2021\/10\/PANDA-tnt2.png 337w\" sizes=\"(max-width: 300px) 100vw, 300px\" \/>\t\t\t\t\t\t\t\t\t\t\t\t\t<\/div>\n\t\t\t\t<\/div>\n\t\t\t\t<div class=\"elementor-element elementor-element-640b7f7 elementor-widget elementor-widget-spacer\" data-id=\"640b7f7\" data-element_type=\"widget\" data-widget_type=\"spacer.default\">\n\t\t\t\t<div class=\"elementor-widget-container\">\n\t\t\t\t\t<div class=\"elementor-spacer\">\n\t\t\t<div class=\"elementor-spacer-inner\"><\/div>\n\t\t<\/div>\n\t\t\t\t<\/div>\n\t\t\t\t<\/div>\n\t\t\t\t<div class=\"elementor-element elementor-element-8f68b7e elementor-widget elementor-widget-heading\" data-id=\"8f68b7e\" data-element_type=\"widget\" data-widget_type=\"heading.default\">\n\t\t\t\t<div class=\"elementor-widget-container\">\n\t\t\t<h2 class=\"elementor-heading-title elementor-size-default\"><span style=\"white-space: normal;\">\nPANDA<\/span><\/h2>\t\t<\/div>\n\t\t\t\t<\/div>\n\t\t\t\t<div class=\"elementor-element elementor-element-a4cbb43 elementor-widget elementor-widget-text-editor\" data-id=\"a4cbb43\" data-element_type=\"widget\" data-widget_type=\"text-editor.default\">\n\t\t\t\t<div class=\"elementor-widget-container\">\n\t\t\t\t\t\t\t<p>Nos macaronis Panda sont id\u00e9als pour ceux qui souhaitent pr\u00e9parer un repas simple et rapide. Accompagnez-les simplement de la sauce de votre choix et votre repas est pr\u00eat.<\/p>\n\t\t\t\t\t\t<\/div>\n\t\t\t\t<\/div>\n\t\t\t\t\t<\/div>\n\t\t<\/div>\n\t\t\t\t<div class=\"elementor-column elementor-col-33 elementor-top-column elementor-element elementor-element-31bf17e\" data-id=\"31bf17e\" data-element_type=\"column\">\n\t\t\t<div class=\"elementor-widget-wrap elementor-element-populated\">\n\t\t\t\t\t\t<div class=\"elementor-element elementor-element-c136aee elementor-widget elementor-widget-image\" data-id=\"c136aee\" data-element_type=\"widget\" data-widget_type=\"image.default\">\n\t\t\t\t<div class=\"elementor-widget-container\">\n\t\t\t\t\t\t\t\t\t\t\t\t\t<img loading=\"lazy\" decoding=\"async\" width=\"300\" height=\"267\" src=\"https:\/\/www.apollo.mu\/wp-content\/uploads\/2021\/11\/PRIMAS-tnt.png\" class=\"attachment-medium size-medium wp-image-1249\" alt=\"\" \/>\t\t\t\t\t\t\t\t\t\t\t\t\t<\/div>\n\t\t\t\t<\/div>\n\t\t\t\t<div class=\"elementor-element elementor-element-65bd915 elementor-widget elementor-widget-spacer\" data-id=\"65bd915\" data-element_type=\"widget\" data-widget_type=\"spacer.default\">\n\t\t\t\t<div class=\"elementor-widget-container\">\n\t\t\t\t\t<div class=\"elementor-spacer\">\n\t\t\t<div class=\"elementor-spacer-inner\"><\/div>\n\t\t<\/div>\n\t\t\t\t<\/div>\n\t\t\t\t<\/div>\n\t\t\t\t<div class=\"elementor-element elementor-element-e736e17 elementor-widget elementor-widget-heading\" data-id=\"e736e17\" data-element_type=\"widget\" data-widget_type=\"heading.default\">\n\t\t\t\t<div class=\"elementor-widget-container\">\n\t\t\t<h2 class=\"elementor-heading-title elementor-size-default\"><span style=\"white-space: normal;\">\nPRIMAS<\/span><\/h2>\t\t<\/div>\n\t\t\t\t<\/div>\n\t\t\t\t<div class=\"elementor-element elementor-element-4fc5f95 elementor-widget elementor-widget-text-editor\" data-id=\"4fc5f95\" data-element_type=\"widget\" data-widget_type=\"text-editor.default\">\n\t\t\t\t<div class=\"elementor-widget-container\">\n\t\t\t\t\t\t\t<p>Nos p\u00e2tes de qualit\u00e9 sup\u00e9rieure, Primas, sont toujours utiles \u00e0 avoir sous la main lorsque vous souhaitez pr\u00e9parer un plat \u00e9labor\u00e9 quand vous avez des visiteurs inattendus \u00e0 la maison.<\/p>\n\t\t\t\t\t\t<\/div>\n\t\t\t\t<\/div>\n\t\t\t\t\t<\/div>\n\t\t<\/div>\n\t\t\t\t<div class=\"elementor-column elementor-col-33 elementor-top-column elementor-element elementor-element-9034696\" data-id=\"9034696\" data-element_type=\"column\">\n\t\t\t<div class=\"elementor-widget-wrap\">\n\t\t\t\t\t\t\t<\/div>\n\t\t<\/div>\n\t\t\t\t\t<\/div>\n\t\t<\/section>\n\t\t\t\t<section class=\"elementor-section elementor-top-section elementor-element elementor-element-2dd25e0 elementor-section-boxed elementor-section-height-default elementor-section-height-default\" data-id=\"2dd25e0\" data-element_type=\"section\">\n\t\t\t\t\t\t<div class=\"elementor-container elementor-column-gap-wider\">\n\t\t\t\t\t\t<\/div>\n\t\t<\/section>\n\t\t\t\t<\/div>\n\t\t","protected":false},"excerpt":{"rendered":"<p>Autres produits MASTERMINN MASTER MINN est une gamme de nouilles fra\u00eeches de qualit\u00e9 (500g) sans \u0153ufs et convenant aux v\u00e9g\u00e9taliens\/v\u00e9g\u00e9tariens. Ils contiennent un minimum d&rsquo;huile et peuvent \u00eatre pr\u00e9par\u00e9s en moins de 10 secondes. Elles peuvent \u00eatre servies comme des nouilles nature avec les garnitures de votre choix, comme une soupe ou comme des nouilles [&hellip;]<\/p>\n","protected":false},"author":1,"featured_media":0,"parent":0,"menu_order":0,"comment_status":"closed","ping_status":"closed","template":"elementor_header_footer","meta":{"footnotes":""},"class_list":["post-1577","page","type-page","status-publish","hentry"],"yoast_head":"<!-- This site is optimized with the Yoast SEO plugin v20.10 - https:\/\/yoast.com\/wordpress\/plugins\/seo\/ -->\n<title>Autres produits - T&amp;T International Foods<\/title>\n<meta name=\"robots\" content=\"index, follow, max-snippet:-1, max-image-preview:large, max-video-preview:-1\" \/>\n<link rel=\"canonical\" href=\"https:\/\/www.apollo.mu\/fr\/autres-produits\/\" \/>\n<meta property=\"og:locale\" content=\"fr_FR\" \/>\n<meta property=\"og:type\" content=\"article\" \/>\n<meta property=\"og:title\" content=\"Autres produits - T&amp;T International Foods\" \/>\n<meta property=\"og:description\" content=\"Autres produits MASTERMINN MASTER MINN est une gamme de nouilles fra\u00eeches de qualit\u00e9 (500g) sans \u0153ufs et convenant aux v\u00e9g\u00e9taliens\/v\u00e9g\u00e9tariens. Ils contiennent un minimum d&rsquo;huile et peuvent \u00eatre pr\u00e9par\u00e9s en moins de 10 secondes. Elles peuvent \u00eatre servies comme des nouilles nature avec les garnitures de votre choix, comme une soupe ou comme des nouilles [&hellip;]\" \/>\n<meta property=\"og:url\" content=\"https:\/\/www.apollo.mu\/fr\/autres-produits\/\" \/>\n<meta property=\"og:site_name\" content=\"T&amp;T International Foods\" \/>\n<meta property=\"article:publisher\" content=\"https:\/\/www.facebook.com\/ttintfoods\" \/>\n<meta property=\"article:modified_time\" content=\"2022-02-23T12:38:50+00:00\" \/>\n<meta property=\"og:image\" content=\"https:\/\/www.apollo.mu\/wp-content\/uploads\/2021\/10\/Master-Minn-tnt-300x267.png\" \/>\n<meta name=\"twitter:card\" content=\"summary_large_image\" \/>\n<meta name=\"twitter:label1\" content=\"Dur\u00e9e de lecture estim\u00e9e\" \/>\n\t<meta name=\"twitter:data1\" content=\"1 minute\" \/>\n<script type=\"application\/ld+json\" class=\"yoast-schema-graph\">{\"@context\":\"https:\/\/schema.org\",\"@graph\":[{\"@type\":\"WebPage\",\"@id\":\"https:\/\/www.apollo.mu\/fr\/autres-produits\/\",\"url\":\"https:\/\/www.apollo.mu\/fr\/autres-produits\/\",\"name\":\"Autres produits - T&amp;T International Foods\",\"isPartOf\":{\"@id\":\"https:\/\/www.apollo.mu\/#website\"},\"datePublished\":\"2022-02-10T11:14:17+00:00\",\"dateModified\":\"2022-02-23T12:38:50+00:00\",\"breadcrumb\":{\"@id\":\"https:\/\/www.apollo.mu\/fr\/autres-produits\/#breadcrumb\"},\"inLanguage\":\"fr-FR\",\"potentialAction\":[{\"@type\":\"ReadAction\",\"target\":[\"https:\/\/www.apollo.mu\/fr\/autres-produits\/\"]}]},{\"@type\":\"BreadcrumbList\",\"@id\":\"https:\/\/www.apollo.mu\/fr\/autres-produits\/#breadcrumb\",\"itemListElement\":[{\"@type\":\"ListItem\",\"position\":1,\"name\":\"Home\",\"item\":\"https:\/\/www.apollo.mu\/fr\/accueil\/\"},{\"@type\":\"ListItem\",\"position\":2,\"name\":\"Autres produits\"}]},{\"@type\":\"WebSite\",\"@id\":\"https:\/\/www.apollo.mu\/#website\",\"url\":\"https:\/\/www.apollo.mu\/\",\"name\":\"T&amp;T International Foods\",\"description\":\"The home of Mine Apollo\",\"publisher\":{\"@id\":\"https:\/\/www.apollo.mu\/#organization\"},\"potentialAction\":[{\"@type\":\"SearchAction\",\"target\":{\"@type\":\"EntryPoint\",\"urlTemplate\":\"https:\/\/www.apollo.mu\/?s={search_term_string}\"},\"query-input\":\"required name=search_term_string\"}],\"inLanguage\":\"fr-FR\"},{\"@type\":\"Organization\",\"@id\":\"https:\/\/www.apollo.mu\/#organization\",\"name\":\"T&amp;T International Foods\",\"url\":\"https:\/\/www.apollo.mu\/\",\"logo\":{\"@type\":\"ImageObject\",\"inLanguage\":\"fr-FR\",\"@id\":\"https:\/\/www.apollo.mu\/#\/schema\/logo\/image\/\",\"url\":\"https:\/\/www.apollo.mu\/wp-content\/uploads\/2023\/07\/OG-image-2.jpg\",\"contentUrl\":\"https:\/\/www.apollo.mu\/wp-content\/uploads\/2023\/07\/OG-image-2.jpg\",\"width\":1200,\"height\":630,\"caption\":\"T&amp;T International Foods\"},\"image\":{\"@id\":\"https:\/\/www.apollo.mu\/#\/schema\/logo\/image\/\"},\"sameAs\":[\"https:\/\/www.facebook.com\/ttintfoods\",\"https:\/\/www.linkedin.com\/company\/t-t-international-foods-ltd\/\",\"https:\/\/www.instagram.com\/apollo_mine\/\"]}]}<\/script>\n<!-- \/ Yoast SEO plugin. -->","yoast_head_json":{"title":"Autres produits - T&amp;T International Foods","robots":{"index":"index","follow":"follow","max-snippet":"max-snippet:-1","max-image-preview":"max-image-preview:large","max-video-preview":"max-video-preview:-1"},"canonical":"https:\/\/www.apollo.mu\/fr\/autres-produits\/","og_locale":"fr_FR","og_type":"article","og_title":"Autres produits - T&amp;T International Foods","og_description":"Autres produits MASTERMINN MASTER MINN est une gamme de nouilles fra\u00eeches de qualit\u00e9 (500g) sans \u0153ufs et convenant aux v\u00e9g\u00e9taliens\/v\u00e9g\u00e9tariens. Ils contiennent un minimum d&rsquo;huile et peuvent \u00eatre pr\u00e9par\u00e9s en moins de 10 secondes. Elles peuvent \u00eatre servies comme des nouilles nature avec les garnitures de votre choix, comme une soupe ou comme des nouilles [&hellip;]","og_url":"https:\/\/www.apollo.mu\/fr\/autres-produits\/","og_site_name":"T&amp;T International Foods","article_publisher":"https:\/\/www.facebook.com\/ttintfoods","article_modified_time":"2022-02-23T12:38:50+00:00","og_image":[{"url":"https:\/\/www.apollo.mu\/wp-content\/uploads\/2021\/10\/Master-Minn-tnt-300x267.png"}],"twitter_card":"summary_large_image","twitter_misc":{"Dur\u00e9e de lecture estim\u00e9e":"1 minute"},"schema":{"@context":"https:\/\/schema.org","@graph":[{"@type":"WebPage","@id":"https:\/\/www.apollo.mu\/fr\/autres-produits\/","url":"https:\/\/www.apollo.mu\/fr\/autres-produits\/","name":"Autres produits - T&amp;T International Foods","isPartOf":{"@id":"https:\/\/www.apollo.mu\/#website"},"datePublished":"2022-02-10T11:14:17+00:00","dateModified":"2022-02-23T12:38:50+00:00","breadcrumb":{"@id":"https:\/\/www.apollo.mu\/fr\/autres-produits\/#breadcrumb"},"inLanguage":"fr-FR","potentialAction":[{"@type":"ReadAction","target":["https:\/\/www.apollo.mu\/fr\/autres-produits\/"]}]},{"@type":"BreadcrumbList","@id":"https:\/\/www.apollo.mu\/fr\/autres-produits\/#breadcrumb","itemListElement":[{"@type":"ListItem","position":1,"name":"Home","item":"https:\/\/www.apollo.mu\/fr\/accueil\/"},{"@type":"ListItem","position":2,"name":"Autres produits"}]},{"@type":"WebSite","@id":"https:\/\/www.apollo.mu\/#website","url":"https:\/\/www.apollo.mu\/","name":"T&amp;T International Foods","description":"The home of Mine Apollo","publisher":{"@id":"https:\/\/www.apollo.mu\/#organization"},"potentialAction":[{"@type":"SearchAction","target":{"@type":"EntryPoint","urlTemplate":"https:\/\/www.apollo.mu\/?s={search_term_string}"},"query-input":"required name=search_term_string"}],"inLanguage":"fr-FR"},{"@type":"Organization","@id":"https:\/\/www.apollo.mu\/#organization","name":"T&amp;T International Foods","url":"https:\/\/www.apollo.mu\/","logo":{"@type":"ImageObject","inLanguage":"fr-FR","@id":"https:\/\/www.apollo.mu\/#\/schema\/logo\/image\/","url":"https:\/\/www.apollo.mu\/wp-content\/uploads\/2023\/07\/OG-image-2.jpg","contentUrl":"https:\/\/www.apollo.mu\/wp-content\/uploads\/2023\/07\/OG-image-2.jpg","width":1200,"height":630,"caption":"T&amp;T International Foods"},"image":{"@id":"https:\/\/www.apollo.mu\/#\/schema\/logo\/image\/"},"sameAs":["https:\/\/www.facebook.com\/ttintfoods","https:\/\/www.linkedin.com\/company\/t-t-international-foods-ltd\/","https:\/\/www.instagram.com\/apollo_mine\/"]}]}},"_links":{"self":[{"href":"https:\/\/www.apollo.mu\/fr\/wp-json\/wp\/v2\/pages\/1577"}],"collection":[{"href":"https:\/\/www.apollo.mu\/fr\/wp-json\/wp\/v2\/pages"}],"about":[{"href":"https:\/\/www.apollo.mu\/fr\/wp-json\/wp\/v2\/types\/page"}],"author":[{"embeddable":true,"href":"https:\/\/www.apollo.mu\/fr\/wp-json\/wp\/v2\/users\/1"}],"replies":[{"embeddable":true,"href":"https:\/\/www.apollo.mu\/fr\/wp-json\/wp\/v2\/comments?post=1577"}],"version-history":[{"count":1,"href":"https:\/\/www.apollo.mu\/fr\/wp-json\/wp\/v2\/pages\/1577\/revisions"}],"predecessor-version":[{"id":1578,"href":"https:\/\/www.apollo.mu\/fr\/wp-json\/wp\/v2\/pages\/1577\/revisions\/1578"}],"wp:attachment":[{"href":"https:\/\/www.apollo.mu\/fr\/wp-json\/wp\/v2\/media?parent=1577"}],"curies":[{"name":"wp","href":"https:\/\/api.w.org\/{rel}","templated":true}]}}